{"id":849,"date":"2016-07-30T11:07:12","date_gmt":"2016-07-30T04:07:12","guid":{"rendered":"http:\/\/apanano.com\/?post_type=product&#038;p=849"},"modified":"2023-02-24T18:25:48","modified_gmt":"2023-02-24T11:25:48","slug":"apa-tiamulin-50-p","status":"publish","type":"product","link":"https:\/\/apanano.vn\/vi\/product\/apa-tiamulin-50-p\/","title":{"rendered":"APA TIAMULIN 50 P"},"content":{"rendered":"<p>Thu\u1ed1c b\u1ed9t u\u1ed1ng ho\u1eb7c tr\u1ed9n th\u1ee9c \u0103n.<\/p>\n<p><strong>TH\u00c0NH PH\u1ea6N:<\/strong><br \/>\nTiamulin hydrogen fumarate.<\/p>\n<p><strong>C\u00d4NG D\u1ee4NG:<\/strong><br \/>\nPh\u00f2ng v\u00e0 <a href=\"https:\/\/apanano.com\/technical-support\/chronic-respiratory-disease-crd-in-poultry\/\">\u0111\u1eb7c tr\u1ecb b\u1ec7nh CRD<\/a> do Mycoplasma g\u00e2y ra, vi\u00eam xoang m\u0169i \u1edf gia c\u1ea7m, <a href=\"https:\/\/apanano.com\/technical-support\/benh-viem-phoi-dinh-suon-app-tren-heo\/\">b\u1ec7nh vi\u00eam ph\u1ed5i<\/a> k\u1ebft h\u1ee3p suy\u1ec5n, h\u1ed3ng l\u1ef5.<\/p>\n<p><strong>C\u00c1CH S\u1eec D\u1ee4NG V\u00c0 LI\u1ec0U D\u00d9NG:<\/strong><br \/>\n&#8211; Li\u1ec1u tr\u1ecb:<br \/>\n\u2022 Gia c\u1ea7m nh\u1ecf (\u2264 4 tu\u1ea7n tu\u1ed5i): 160 g APA TIAMULIN 50 P\/t\u1ea5n th\u1ee9c \u0103n.<br \/>\n\u2022 Gia c\u1ea7m l\u1edbn (&gt; 4 tu\u1ea7n): 200 g APA TIAMULIN 50 P\/t\u1ea5n th\u1ee9c \u0103n.<br \/>\nHo\u1eb7c pha 0,2 g APA TIAMULIN 50 P\/l\u00edt n\u01b0\u1edbc u\u1ed1ng.<br \/>\n\u2022 Heo nh\u1ecf (\u2264 70 ng\u00e0y tu\u1ed5i): 200 g APA TIAMULIN 50 P\/t\u1ea5n th\u1ee9c \u0103n.<br \/>\n\u2022 Heo l\u1edbn (&gt; 70 ng\u00e0y): 400 g APA TIAMULIN 50 P\/t\u1ea5n th\u1ee9c \u0103n.<br \/>\nD\u00f9ng li\u00ean t\u1ee5c trong 3 &#8211; 5 ng\u00e0y.<br \/>\n&#8211; Li\u1ec1u ph\u00f2ng: B\u1eb1ng \u00bd li\u1ec1u tr\u1ecb.<\/p>\n<p><strong>TH\u1edcI GIAN NG\u01afNG S\u1eec D\u1ee4NG THU\u1ed0C:<\/strong> 7 ng\u00e0y.<\/p>\n<p><strong>B\u1ea2O QU\u1ea2N:<\/strong><br \/>\nN\u01a1i kh\u00f4 r\u00e1o, tho\u00e1ng m\u00e1t, tr\u00e1nh \u00e1nh s\u00e1ng tr\u1ef1c ti\u1ebfp.<\/p>\n<p><strong>S\u1ed1 \u0111\u0103ng k\u00fd: APA-70<\/strong><\/p>\n<h3 style=\"text-align: center;\"><span style=\"color: #ff0000;\">CH\u1ec8 D\u00d9NG TRONG TH\u00da Y<\/span><\/h3>\r\n<blockquote>\r\n<p style=\"text-align: center;\"><em>\u201cS\u1ea3n ph\u1ea9m kh\u00f4ng ch\u1ee9a c\u00e1c ch\u1ea5t c\u1ea5m s\u1eed d\u1ee5ng trong s\u1ea3n xu\u1ea5t, kinh doanh th\u00fa y theo c\u00e1c quy \u0111\u1ecbnh hi\u1ec7n h\u00e0nh c\u1ee7a <strong>B\u1ed9 N\u00f4ng nghi\u1ec7p v\u00e0 Ph\u00e1t tri\u1ec3n n\u00f4ng th\u00f4n<\/strong>\u201d<\/em><\/p>\r\n<\/blockquote>\r\n<p><!-- Shortcode [sty2] does not match the conditions --><\/p>\r\n<p style=\"text-align: center;\">S\u1ea3n ph\u1ea9m <a href=\"\">Thu\u1ed1c Th\u00fa Y <\/a> gi\u00e1 b\u00e1n, th\u00e0nh ph\u1ea7n ch\u00ednh, c\u00f4ng d\u1ee5ng \u0111i\u1ec1u tr\u1ecb, h\u01b0\u1edbng d\u1eabn s\u1eed d\u1ee5ng!<\/p>\n","protected":false},"excerpt":{"rendered":"<h3><span style=\"color: #ff0000;\">PH\u00d2NG V\u00c0 TR\u1eca CRD, VI\u00caM PH\u1ed4I DO MYCOPLASMA<\/span><\/h3>\n<p><strong>C\u00d4NG D\u1ee4NG:<\/strong><br \/>\nPh\u00f2ng v\u00e0 \u0111\u1eb7c tr\u1ecb b\u1ec7nh CRD do Mycoplasma g\u00e2y ra, vi\u00eam xoang m\u0169i \u1edf gia c\u1ea7m, b\u1ec7nh vi\u00eam ph\u1ed5i k\u1ebft h\u1ee3p suy\u1ec5n, h\u1ed3ng l\u1ef5.<\/p>\n<hr \/>\r\n<p style=\"padding-left: 30px;\"><span style=\"color: #006633;\"><strong>C\u00f4ng ty TNHH C\u00f4ng ngh\u1ec7 Nano H\u1ee3p nh\u1ea5t APA<\/strong><\/span><br \/><em>[icon color=\"#000000\" icon=\"icon-location\" size=\"14px\"] <strong>Nh\u00e0 m\u00e1y:<\/strong> L\u00f4 C2-4, \u0110\u01b0\u1eddng VL3, Khu C\u00f4ng Nghi\u1ec7p V\u0129nh L\u1ed9c 2, \u1ea4p Voi L\u00e1, X\u00e3 Long Hi\u1ec7p, Huy\u1ec7n B\u1ebfn L\u1ee9c, T\u1ec9nh Long An<\/em><br \/><em>[icon color=\"#000000\" icon=\"icon-office\" size=\"14px\"] <strong>V\u0103n ph\u00f2ng \u0111\u1ea1i di\u1ec7n:<\/strong> 87 \u0110\u00e0o Duy Anh, Ph\u01b0\u1eddng 9, Qu\u1eadn Ph\u00fa Nhu\u1eadn, TP.HCM<\/em><br \/><em>[icon color=\"#000000\" icon=\"icon-phone\" size=\"14px\"] <strong>\u0110i\u1ec7n tho\u1ea1i:<\/strong>\u00a0<strong><span style=\"color: #ff0000;\">(028) 6292 1224<\/span><\/strong><\/em><br \/><em>[icon color=\"#000000\" icon=\"icon-mail2\" size=\"14px\"] <strong>Email:<\/strong> support@apanano.com<\/em><br \/><em>[icon color=\"#000000\" icon=\"icon-bubbles2\" size=\"14px\"] <strong>Skype:<\/strong> <a href=\"skype:phuonghuynh.bt?chat\"><img decoding=\"async\" data-src=\"https:\/\/secure.skypeassets.com\/apollo\/2.0.786\/images\/components\/contactme-button\/chatbutton_24px.png\" alt=\"Chat to my Skype\" src=\"data:image\/svg+xml;base64,PHN2ZyB3aWR0aD0iMSIgaGVpZ2h0PSIxIiB4bWxucz0iaHR0cDovL3d3dy53My5vcmcvMjAwMC9zdmciPjwvc3ZnPg==\" class=\"lazyload\" \/><\/a> <a href=\"skype:phuonghuynh.bt?call\"><img decoding=\"async\" data-src=\"https:\/\/secure.skypeassets.com\/apollo\/2.0.786\/images\/components\/contactme-button\/callbutton_24px.png\" alt=\"Chat to my Skype\" src=\"data:image\/svg+xml;base64,PHN2ZyB3aWR0aD0iMSIgaGVpZ2h0PSIxIiB4bWxucz0iaHR0cDovL3d3dy53My5vcmcvMjAwMC9zdmciPjwvc3ZnPg==\" class=\"lazyload\" \/><\/a>\u00a0(Ms Ph\u01b0\u1ee3ng)<\/em><\/p>\r\n<!-- Shortcode [scontacta03] does not match the conditions -->\n","protected":false},"featured_media":850,"comment_status":"open","ping_status":"closed","template":"","meta":[],"product_brand":[],"product_cat":[18,16],"product_tag":[516,562,564,63,563,561],"class_list":{"0":"post-849","1":"product","2":"type-product","3":"status-publish","4":"has-post-thumbnail","6":"product_cat-poultry","7":"product_cat-livestock","8":"product_tag-benh-crd","9":"product_tag-nguyen-lieu-thuc-an-premix","10":"product_tag-phu-gia-thuc-an-chan-nuoi","11":"product_tag-feed-mill","12":"product_tag-premix-tron-thuc-an","13":"product_tag-thuoc-khang-sinh-dang-bot","15":"first","16":"instock","17":"shipping-taxable","18":"product-type-simple"},"_links":{"self":[{"href":"https:\/\/apanano.vn\/vi\/wp-json\/wp\/v2\/product\/849","targetHints":{"allow":["GET"]}}],"collection":[{"href":"https:\/\/apanano.vn\/vi\/wp-json\/wp\/v2\/product"}],"about":[{"href":"https:\/\/apanano.vn\/vi\/wp-json\/wp\/v2\/types\/product"}],"replies":[{"embeddable":true,"href":"https:\/\/apanano.vn\/vi\/wp-json\/wp\/v2\/comments?post=849"}],"wp:featuredmedia":[{"embeddable":true,"href":"https:\/\/apanano.vn\/vi\/wp-json\/wp\/v2\/media\/850"}],"wp:attachment":[{"href":"https:\/\/apanano.vn\/vi\/wp-json\/wp\/v2\/media?parent=849"}],"wp:term":[{"taxonomy":"product_brand","embeddable":true,"href":"https:\/\/apanano.vn\/vi\/wp-json\/wp\/v2\/product_brand?post=849"},{"taxonomy":"product_cat","embeddable":true,"href":"https:\/\/apanano.vn\/vi\/wp-json\/wp\/v2\/product_cat?post=849"},{"taxonomy":"product_tag","embeddable":true,"href":"https:\/\/apanano.vn\/vi\/wp-json\/wp\/v2\/product_tag?post=849"}],"curies":[{"name":"wp","href":"https:\/\/api.w.org\/{rel}","templated":true}]}}