{"id":6916,"date":"2023-04-22T13:30:42","date_gmt":"2023-04-22T06:30:42","guid":{"rendered":"https:\/\/apanano.com\/vi\/product\/\/"},"modified":"2023-04-22T13:32:58","modified_gmt":"2023-04-22T06:32:58","slug":"apa-aquacare","status":"publish","type":"product","link":"https:\/\/apanano.vn\/vi\/product\/apa-aquacare\/","title":{"rendered":"APA AQUACARE"},"content":{"rendered":"<p><strong>Th\u00e0nh ph\u1ea7n:<\/strong><br \/>\nSaponin, Bacillus megaterium, Bacillus licheniformis, Ch\u1ea5t mang v\u1eeba \u0111\u1ee7.<\/p>\n<p><strong>C\u00f4ng d\u1ee5ng:<\/strong><\/p>\n<ul>\n<li>H\u1ea5p thu v\u00e0 l\u00e0m gi\u1ea3m nhanh c\u00e1c kh\u00ed NH<sub>3<\/sub>, H<sub>2<\/sub>S, NO<sub>2<\/sub> trong ao nu\u00f4i, ng\u0103n ng\u1eeba t\u00ecnh tr\u1ea1ng c\u00e1 t\u00f4m n\u1ed5i \u0111\u1ea7u, t\u1ea5p m\u00e9 do \u1ea3nh h\u01b0\u1edfng c\u1ee7a kh\u00ed \u0111\u1ed9c.<\/li>\n<li>Cung c\u1ea5p vi sinh c\u00f3 l\u1ee3i, gi\u00fap ph\u00e2n h\u1ee7y nhanh th\u1ee9c \u0103n th\u1eeba, ch\u1ea5t th\u1ea3i t\u00f4m c\u00e1, x\u00e1c t\u1ea3o v\u00e0 m\u00f9n b\u00e3 h\u1eefu c\u01a1.<\/li>\n<li>L\u00e0m s\u1ea1ch \u0111\u00e1y ao, c\u1ea3i thi\u1ec7n ch\u1ea5t l\u01b0\u1ee3ng n\u01b0\u1edbc ao nu\u00f4i, t\u1ea1o m\u00f4i tr\u01b0\u1eddng thu\u1eadn l\u1ee3i cho s\u1ef1 ph\u00e1t tri\u1ec3n c\u1ee7a c\u00e1 t\u00f4m.<\/li>\n<\/ul>\n<figure id=\"attachment_6918\" class=\"thumbnail wp-caption aligncenter\" style=\"width: 1200px\"><img decoding=\"async\" data-src=\"\/wp-content\/uploads\/APA-AQUACARE_2.jpg\" alt=\"\" width=\"1200\" height=\"857\" class=\"size-full wp-image-6918 lazyload\" data-srcset=\"https:\/\/apanano.vn\/wp-content\/uploads\/APA-AQUACARE_2.jpg 1200w, https:\/\/apanano.vn\/wp-content\/uploads\/APA-AQUACARE_2-300x214.jpg 300w, https:\/\/apanano.vn\/wp-content\/uploads\/APA-AQUACARE_2-1024x731.jpg 1024w, https:\/\/apanano.vn\/wp-content\/uploads\/APA-AQUACARE_2-768x548.jpg 768w\" data-sizes=\"(max-width: 1200px) 100vw, 1200px\" src=\"data:image\/svg+xml;base64,PHN2ZyB3aWR0aD0iMSIgaGVpZ2h0PSIxIiB4bWxucz0iaHR0cDovL3d3dy53My5vcmcvMjAwMC9zdmciPjwvc3ZnPg==\" style=\"--smush-placeholder-width: 1200px; --smush-placeholder-aspect-ratio: 1200\/857;\" \/><figcaption class=\"caption wp-caption-text\">S\u1ea2N PH\u1ea8M X\u1eec L\u00dd M\u00d4I TR\u01af\u1edcNG<\/figcaption><\/figure>\n<p><strong>C\u00e1ch s\u1eed d\u1ee5ng:<\/strong><br \/>\nH\u00f2a <strong>APA AQUACARE<\/strong> v\u00e0o m\u1ed9t l\u01b0\u1ee3ng n\u01b0\u1edbc s\u1ea1ch v\u1eeba \u0111\u1ee7, sau \u0111\u00f3 t\u1ea1t \u0111\u1ec1u kh\u1eafp ao khi c\u00f3 n\u1eafng.<br \/>\n&#8211; Cung c\u1ea5p vi sinh c\u00f3 l\u1ee3i cho ao chu\u1ea9n b\u1ecb th\u1ea3 gi\u1ed1ng: <strong>500 g\/ 2.000 m<sup>3<\/sup>.<\/strong><br \/>\n&#8211; B\u1ed5 sung vi sinh \u0111\u1ecbnh k\u1ef3, c\u1ea3i thi\u1ec7n ch\u1ea5t l\u01b0\u1ee3ng n\u01b0\u1edbc: <strong>500 g\/ 2.500 \u2013 3.000 m<sup>3<\/sup><\/strong>, 5 \u2013 7 ng\u00e0y\/l\u1ea7n.<br \/>\n&#8211; Gi\u1ea3m nhanh kh\u00ed \u0111\u1ed9c: <strong>500 g\/ 1.500 \u2013 2.000 m<sup>3<\/sup><\/strong>, 3 \u2013 5 ng\u00e0y\/l\u1ea7n.<br \/>\n&#8211; N\u01b0\u1edbc ao n\u1ed5i v\u00e1ng, l\u1ee3n c\u1ee3n, c\u00f3 m\u00f9i h\u00f4i: <strong>500 g\/ 1.000 m<sup>3<\/sup>, <\/strong>c\u00f3 th\u1ec3 l\u1eb7p l\u1ea1i sau 3 ng\u00e0y.<\/p>\n<p><strong>Ch\u00fa \u00fd:<\/strong><br \/>\n&#8211; Kh\u00f4ng s\u1eed d\u1ee5ng h\u00f3a ch\u1ea5t kh\u1eed tr\u00f9ng trong v\u00f2ng 48 gi\u1edd tr\u01b0\u1edbc v\u00e0 sau khi s\u1eed d\u1ee5ng s\u1ea3n ph\u1ea9m.<br \/>\n&#8211; \u0110\u1ecdc k\u1ef9 h\u01b0\u1edbng d\u1eabn s\u1eed d\u1ee5ng tr\u01b0\u1edbc khi d\u00f9ng.<\/p>\n<p><strong>B\u1ea3o qu\u1ea3n:<\/strong><br \/>\n&#8211; B\u1ea3o qu\u1ea3n n\u01a1i kh\u00f4 r\u00e1o, tho\u00e1ng m\u00e1t, tr\u00e1nh \u00e1nh s\u00e1ng tr\u1ef1c ti\u1ebfp.<br \/>\n&#8211; Tr\u00e1nh xa t\u1ea7m tay tr\u1ebb em.<\/p>\n<h3 style=\"text-align: center;\"><span style=\"color: #0000ff;\">CH\u1ec8 D\u00d9NG TRONG NU\u00d4I TR\u1ed2NG TH\u1ee6Y S\u1ea2N<\/span><\/h3>\r\n<blockquote>\r\n<p style=\"text-align: center;\"><em>\u201cS\u1ea3n ph\u1ea9m kh\u00f4ng ch\u1ee9a c\u00e1c ch\u1ea5t c\u1ea5m s\u1eed d\u1ee5ng trong s\u1ea3n xu\u1ea5t, kinh doanh th\u1ee7y s\u1ea3n theo c\u00e1c quy \u0111\u1ecbnh hi\u1ec7n h\u00e0nh c\u1ee7a <strong>B\u1ed9 N\u00f4ng nghi\u1ec7p v\u00e0 Ph\u00e1t tri\u1ec3n n\u00f4ng th\u00f4n<\/strong>\u201d<\/em><\/p>\r\n<\/blockquote>\r\n<!-- Shortcode [sts2] does not match the conditions -->\r\n\r\n<!-- Shortcode [act] does not exist -->\n","protected":false},"excerpt":{"rendered":"<h3><span style=\"color: #0000ff;\">GI\u1ea2M NHANH KH\u00cd \u0110\u1ed8C &#8211; B\u1ed4 SUNG VI SINH &#8211; C\u1ea2I THI\u1ec6N CH\u1ea4T L\u01af\u1ee2NG N\u01af\u1edaC AO NU\u00d4I<br \/>\n<\/span><\/h3>\n<p><strong>C\u00f4ng d\u1ee5ng:<\/strong><br \/>\n&#8211; Ng\u0103n ng\u1eeba t\u00f4m t\u1ea5p m\u00e9, n\u1ed5i \u0111\u1ea7u.<br \/>\n&#8211; Ph\u00e2n h\u1ee7y nhanh th\u1ee9c \u0103n th\u1eeba, x\u00e1c t\u1ea3o, ch\u1ea5t th\u1ea3i c\u1ee7a t\u00f4m.<br \/>\n&#8211; L\u00e0m s\u1ea1ch nh\u1edbt b\u1ea1t, s\u1ea1ch \u0111\u00e1y ao.<\/p>\n[sc name=\"scontacts\"]\n","protected":false},"featured_media":6917,"comment_status":"closed","ping_status":"closed","template":"","meta":[],"product_brand":[],"product_cat":[19],"product_tag":[],"class_list":{"0":"post-6916","1":"product","2":"type-product","3":"status-publish","4":"has-post-thumbnail","6":"product_cat-aquaculture","8":"first","9":"instock","10":"shipping-taxable","11":"product-type-simple"},"_links":{"self":[{"href":"https:\/\/apanano.vn\/vi\/wp-json\/wp\/v2\/product\/6916","targetHints":{"allow":["GET"]}}],"collection":[{"href":"https:\/\/apanano.vn\/vi\/wp-json\/wp\/v2\/product"}],"about":[{"href":"https:\/\/apanano.vn\/vi\/wp-json\/wp\/v2\/types\/product"}],"replies":[{"embeddable":true,"href":"https:\/\/apanano.vn\/vi\/wp-json\/wp\/v2\/comments?post=6916"}],"wp:featuredmedia":[{"embeddable":true,"href":"https:\/\/apanano.vn\/vi\/wp-json\/wp\/v2\/media\/6917"}],"wp:attachment":[{"href":"https:\/\/apanano.vn\/vi\/wp-json\/wp\/v2\/media?parent=6916"}],"wp:term":[{"taxonomy":"product_brand","embeddable":true,"href":"https:\/\/apanano.vn\/vi\/wp-json\/wp\/v2\/product_brand?post=6916"},{"taxonomy":"product_cat","embeddable":true,"href":"https:\/\/apanano.vn\/vi\/wp-json\/wp\/v2\/product_cat?post=6916"},{"taxonomy":"product_tag","embeddable":true,"href":"https:\/\/apanano.vn\/vi\/wp-json\/wp\/v2\/product_tag?post=6916"}],"curies":[{"name":"wp","href":"https:\/\/api.w.org\/{rel}","templated":true}]}}