{"id":524,"date":"2016-07-26T11:02:44","date_gmt":"2016-07-26T04:02:44","guid":{"rendered":"http:\/\/apanano.com\/w\/?post_type=product&#038;p=524"},"modified":"2023-02-24T18:26:27","modified_gmt":"2023-02-24T11:26:27","slug":"apa-6s","status":"publish","type":"product","link":"https:\/\/apanano.vn\/vi\/product\/apa-6s\/","title":{"rendered":"APA 6S"},"content":{"rendered":"<p><strong>Th\u00e0nh ph\u1ea7n:<\/strong><br \/>\n\u03b2 \u2013 Glucanase, Bacillus subtillis, Amylase, Protease.<\/p>\n<p><strong>C\u00f4ng d\u1ee5ng:<\/strong><br \/>\n&#8211; B\u1ed5 sung vi sinh v\u1eadt \u0111\u01b0\u1eddng ru\u1ed9t, n\u00e2ng cao kh\u1ea3 n\u0103ng h\u1ea5p th\u1ee5 th\u1ee9c \u0103n.<br \/>\n&#8211; T\u0103ng hi\u1ec7u qu\u1ea3 c\u1ee7a s\u1ef1 chuy\u1ec3n h\u00f3a th\u1ee9c \u0103n, gi\u1ea3m FCR.<br \/>\n&#8211; K\u00edch th\u00edch t\u00f4m, c\u00e1 \u0103n nhi\u1ec1u, ph\u00e1t tri\u1ec3n nhanh.<br \/>\n&#8211; Nu\u00f4i l\u01b0\u01a1n kh\u00f4ng b\u00f9n: <a href=\"https:\/\/apanano.com\/technical-support\/quy-trinh-nuoi-luon-khong-bun-su-dung-san-pham-apa\/\">k\u00edch th\u00edch ti\u00eau h\u00f3a cho l\u01b0\u01a1n<\/a> v\u00e0 ph\u00f2ng b\u1ec7nh \u0111\u01b0\u1eddng ru\u1ed9t.<\/p>\n<p><strong>C\u00e1ch s\u1eed d\u1ee5ng:<\/strong><br \/>\n&#8211; D\u00f9ng 1 \u2013 2 g\/ 1 kg th\u1ee9c \u0103n.<br \/>\n&#8211; Trong tr\u01b0\u1eddng h\u1ee3p \u0111\u1ed1c th\u00fac t\u00f4m, c\u00e1 hi\u1ec7u qu\u1ea3 nhanh: S\u1eed d\u1ee5ng 3 \u2013 5 g\/ 1 kg th\u1ee9c \u0103n.<br \/>\n&#8211; Tr\u1ed9n 1 \u2013 2 l\u1ea7n\/ ng\u00e0y, cho \u0103n li\u00ean t\u1ee5c trong su\u1ed1t v\u1ee5 nu\u00f4i.<\/p>\n<p><strong>Ch\u00fa \u00fd:<\/strong><br \/>\n\u0110\u1ecdc k\u1ef9 h\u01b0\u1edbng d\u1eabn s\u1eed d\u1ee5ng tr\u01b0\u1edbc khi d\u00f9ng.<\/p>\n<p><strong>B\u1ea3o qu\u1ea3n:<\/strong><br \/>\n&#8211; N\u01a1i kh\u00f4 r\u00e1o, tho\u00e1ng m\u00e1t, tr\u00e1nh \u00e1nh s\u00e1ng tr\u1ef1c ti\u1ebfp.<br \/>\n&#8211; Tr\u00e1nh xa t\u1ea7m tay tr\u1ebb em.<\/p>\n<h3 style=\"text-align: center;\"><span style=\"color: #0000ff;\">CH\u1ec8 D\u00d9NG TRONG NU\u00d4I TR\u1ed2NG TH\u1ee6Y S\u1ea2N<\/span><\/h3>\r\n<blockquote>\r\n<p style=\"text-align: center;\"><em>\u201cS\u1ea3n ph\u1ea9m kh\u00f4ng ch\u1ee9a c\u00e1c ch\u1ea5t c\u1ea5m s\u1eed d\u1ee5ng trong s\u1ea3n xu\u1ea5t, kinh doanh th\u1ee7y s\u1ea3n theo c\u00e1c quy \u0111\u1ecbnh hi\u1ec7n h\u00e0nh c\u1ee7a <strong>B\u1ed9 N\u00f4ng nghi\u1ec7p v\u00e0 Ph\u00e1t tri\u1ec3n n\u00f4ng th\u00f4n<\/strong>\u201d<\/em><\/p>\r\n<\/blockquote>\r\n<!-- Shortcode [sts2] does not match the conditions -->\r\n\r\n<!-- Shortcode [act] does not exist -->\n","protected":false},"excerpt":{"rendered":"<h3><span style=\"color: #0000ff;\">K\u00cdCH TH\u00cdCH TI\u00caU H\u00d3A<br \/>\nNG\u0102N NG\u1eeaA C\u00c1C B\u1ec6NH \u0110\u01af\u1edcNG RU\u1ed8T<\/span><\/h3>\n<p><strong>C\u00f4ng d\u1ee5ng:<\/strong><br \/>\n&#8211; B\u1ed5 sung vi sinh v\u1eadt \u0111\u01b0\u1eddng ru\u1ed9t, n\u00e2ng cao kh\u1ea3 n\u0103ng h\u1ea5p th\u1ee5 th\u1ee9c \u0103n.<br \/>\n&#8211; T\u0103ng hi\u1ec7u qu\u1ea3 c\u1ee7a s\u1ef1 chuy\u1ec3n h\u00f3a th\u1ee9c \u0103n, gi\u1ea3m FCR.<br \/>\n&#8211; K\u00edch th\u00edch t\u00f4m, c\u00e1 \u0103n nhi\u1ec1u, ph\u00e1t tri\u1ec3n nhanh.<\/p>\n[sc name=\"scontactf\"]\n","protected":false},"featured_media":525,"comment_status":"open","ping_status":"closed","template":"","meta":[],"product_brand":[],"product_cat":[410,406,425,19],"product_tag":[],"class_list":{"0":"post-524","1":"product","2":"type-product","3":"status-publish","4":"has-post-thumbnail","6":"product_cat-dinh-duong-bo-sung-thuc-an-ca","7":"product_cat-fish","8":"product_cat-men-ho-tro-tieu-hoa-ca","9":"product_cat-aquaculture","11":"first","12":"instock","13":"shipping-taxable","14":"product-type-simple"},"_links":{"self":[{"href":"https:\/\/apanano.vn\/vi\/wp-json\/wp\/v2\/product\/524","targetHints":{"allow":["GET"]}}],"collection":[{"href":"https:\/\/apanano.vn\/vi\/wp-json\/wp\/v2\/product"}],"about":[{"href":"https:\/\/apanano.vn\/vi\/wp-json\/wp\/v2\/types\/product"}],"replies":[{"embeddable":true,"href":"https:\/\/apanano.vn\/vi\/wp-json\/wp\/v2\/comments?post=524"}],"wp:featuredmedia":[{"embeddable":true,"href":"https:\/\/apanano.vn\/vi\/wp-json\/wp\/v2\/media\/525"}],"wp:attachment":[{"href":"https:\/\/apanano.vn\/vi\/wp-json\/wp\/v2\/media?parent=524"}],"wp:term":[{"taxonomy":"product_brand","embeddable":true,"href":"https:\/\/apanano.vn\/vi\/wp-json\/wp\/v2\/product_brand?post=524"},{"taxonomy":"product_cat","embeddable":true,"href":"https:\/\/apanano.vn\/vi\/wp-json\/wp\/v2\/product_cat?post=524"},{"taxonomy":"product_tag","embeddable":true,"href":"https:\/\/apanano.vn\/vi\/wp-json\/wp\/v2\/product_tag?post=524"}],"curies":[{"name":"wp","href":"https:\/\/api.w.org\/{rel}","templated":true}]}}