{"id":514,"date":"2016-07-25T12:58:10","date_gmt":"2016-07-25T05:58:10","guid":{"rendered":"http:\/\/apanano.com\/w\/?post_type=product&#038;p=514"},"modified":"2023-02-24T18:26:30","modified_gmt":"2023-02-24T11:26:30","slug":"apa-vitaject-i","status":"publish","type":"product","link":"https:\/\/apanano.vn\/vi\/product\/apa-vitaject-i\/","title":{"rendered":"APA VITAJECT I"},"content":{"rendered":"<p>Dung d\u1ecbch ti\u00eam.<\/p>\n<p><strong>TH\u00c0NH PH\u1ea6N<\/strong><br \/>\nVitamin A, Vitamin D3, Vitamin E.<\/p>\n<p><strong>C\u00d4NG D\u1ee4NG<\/strong><br \/>\n&#8211; Ph\u00f2ng v\u00e0 tr\u1ecb c\u00e1c ch\u1ee9ng thi\u1ebfu Vitamin A, D, E.<br \/>\n&#8211; \u0110\u1ed1i v\u1edbi th\u00fa non: T\u0103ng tr\u01b0\u1edfng nhanh, gi\u1ea3m ti\u00eau t\u1ed1n th\u1ee9c \u0103n, t\u0103ng s\u1ee9c \u0111\u1ec1 kh\u00e1ng.<br \/>\n&#8211; \u0110\u1ed1i v\u1edbi th\u00fa c\u00e1i: Tr\u1ecb ch\u1ee9ng v\u00f4 sinh, t\u0103ng t\u1ef7 l\u1ec7 th\u1ee5 thai, t\u0103ng l\u01b0\u1ee3ng s\u1eefa v\u00e0 s\u1ee9c \u0111\u1ec1 kh\u00e1ng.<\/p>\n<p><strong>TH\u1edcI GIAN NG\u01afNG S\u1eec D\u1ee4NG THU\u1ed0C<\/strong><br \/>\nKh\u00f4ng c\u00f3.<\/p>\n<p><strong>C\u00c1CH D\u00d9NG &amp; LI\u1ec0U L\u01af\u1ee2NG<\/strong><br \/>\nTi\u00eam s\u00e2u b\u1eafp th\u1ecbt:<br \/>\n&#8211; Tr\u00e2u, b\u00f2:<br \/>\n+ Nh\u1ecf: 2 &#8211; 4 ml\/con.<br \/>\n+ L\u1edbn: 6 &#8211; 10 ml\/con.<br \/>\n&#8211; Heo, b\u00ea, c\u1eebu, d\u00ea:<br \/>\n+ Nh\u1ecf: 0,5 &#8211; 2 ml\/con.<br \/>\n+ L\u1edbn: 2 &#8211; 6 ml\/con.<br \/>\nPha v\u00e0o n\u01b0\u1edbc u\u1ed1ng:<br \/>\n+ Gia c\u1ea7m \u0111\u1ebb: 10 ml thu\u1ed1c\/50 con\/10 l\u00edt n\u01b0\u1edbc u\u1ed1ng\/ng\u00e0y.<br \/>\n+ Gia c\u1ea7m th\u1ecbt: 10 ml thu\u1ed1c\/150 con\/20 l\u00edt n\u01b0\u1edbc u\u1ed1ng\/ng\u00e0y.<\/p>\n<p><strong>B\u1ea2O QU\u1ea2N<\/strong><br \/>\nN\u01a1i kh\u00f4 r\u00e1o, tho\u00e1ng m\u00e1t, tr\u00e1nh \u00e1nh s\u00e1ng tr\u1ef1c ti\u1ebfp.<\/p>\n<h3 style=\"text-align: center;\"><span style=\"color: #ff0000;\">CH\u1ec8 D\u00d9NG TRONG TH\u00da Y<\/span><\/h3>\r\n<blockquote>\r\n<p style=\"text-align: center;\"><em>\u201cS\u1ea3n ph\u1ea9m kh\u00f4ng ch\u1ee9a c\u00e1c ch\u1ea5t c\u1ea5m s\u1eed d\u1ee5ng trong s\u1ea3n xu\u1ea5t, kinh doanh th\u00fa y theo c\u00e1c quy \u0111\u1ecbnh hi\u1ec7n h\u00e0nh c\u1ee7a <strong>B\u1ed9 N\u00f4ng nghi\u1ec7p v\u00e0 Ph\u00e1t tri\u1ec3n n\u00f4ng th\u00f4n<\/strong>\u201d<\/em><\/p>\r\n<\/blockquote>\r\n<p><!-- Shortcode [sty2] does not match the conditions --><\/p>\r\n<p style=\"text-align: center;\">S\u1ea3n ph\u1ea9m <a href=\"\">Thu\u1ed1c Th\u00fa Y <\/a> gi\u00e1 b\u00e1n, th\u00e0nh ph\u1ea7n ch\u00ednh, c\u00f4ng d\u1ee5ng \u0111i\u1ec1u tr\u1ecb, h\u01b0\u1edbng d\u1eabn s\u1eed d\u1ee5ng!<\/p>\n","protected":false},"excerpt":{"rendered":"<h3><span style=\"color: #ff0000;\">CUNG C\u1ea4P VITAMIN A, D, E CHO V\u1eacT NU\u00d4I<\/span><\/h3>\n<p><strong>C\u00d4NG D\u1ee4NG<\/strong><br \/>\n&#8211; Ph\u00f2ng v\u00e0 tr\u1ecb c\u00e1c ch\u1ee9ng thi\u1ebfu Vitamin A, D, E.<br \/>\n&#8211; \u0110\u1ed1i v\u1edbi th\u00fa non: T\u0103ng tr\u01b0\u1edfng nhanh, gi\u1ea3m ti\u00eau t\u1ed1n th\u1ee9c \u0103n, t\u0103ng s\u1ee9c \u0111\u1ec1 kh\u00e1ng.<br \/>\n&#8211; \u0110\u1ed1i v\u1edbi th\u00fa c\u00e1i: Tr\u1ecb ch\u1ee9ng v\u00f4 sinh, t\u0103ng t\u1ef7 l\u1ec7 th\u1ee5 thai, t\u0103ng l\u01b0\u1ee3ng s\u1eefa v\u00e0 s\u1ee9c \u0111\u1ec1 kh\u00e1ng.<\/p>\n<hr \/>\r\n<p style=\"padding-left: 30px;\"><span style=\"color: #006633;\"><strong>C\u00f4ng ty TNHH C\u00f4ng ngh\u1ec7 Nano H\u1ee3p nh\u1ea5t APA<\/strong><\/span><br \/><em>[icon color=\"#000000\" icon=\"icon-location\" size=\"14px\"] <strong>Nh\u00e0 m\u00e1y:<\/strong> L\u00f4 C2-4, \u0110\u01b0\u1eddng VL3, Khu C\u00f4ng Nghi\u1ec7p V\u0129nh L\u1ed9c 2, \u1ea4p Voi L\u00e1, X\u00e3 Long Hi\u1ec7p, Huy\u1ec7n B\u1ebfn L\u1ee9c, T\u1ec9nh Long An<\/em><br \/><em>[icon color=\"#000000\" icon=\"icon-office\" size=\"14px\"] <strong>V\u0103n ph\u00f2ng \u0111\u1ea1i di\u1ec7n:<\/strong> 87 \u0110\u00e0o Duy Anh, Ph\u01b0\u1eddng 9, Qu\u1eadn Ph\u00fa Nhu\u1eadn, TP.HCM<\/em><br \/><em>[icon color=\"#000000\" icon=\"icon-phone\" size=\"14px\"] <strong>\u0110i\u1ec7n tho\u1ea1i:<\/strong>\u00a0<strong><span style=\"color: #ff0000;\">(028) 6292 1224<\/span><\/strong><\/em><br \/><em>[icon color=\"#000000\" icon=\"icon-mail2\" size=\"14px\"] <strong>Email:<\/strong> support@apanano.com<\/em><br \/><em>[icon color=\"#000000\" icon=\"icon-bubbles2\" size=\"14px\"] <strong>Skype:<\/strong> <a href=\"skype:phuonghuynh.bt?chat\"><img decoding=\"async\" data-src=\"https:\/\/secure.skypeassets.com\/apollo\/2.0.786\/images\/components\/contactme-button\/chatbutton_24px.png\" alt=\"Chat to my Skype\" src=\"data:image\/svg+xml;base64,PHN2ZyB3aWR0aD0iMSIgaGVpZ2h0PSIxIiB4bWxucz0iaHR0cDovL3d3dy53My5vcmcvMjAwMC9zdmciPjwvc3ZnPg==\" class=\"lazyload\" \/><\/a> <a href=\"skype:phuonghuynh.bt?call\"><img decoding=\"async\" data-src=\"https:\/\/secure.skypeassets.com\/apollo\/2.0.786\/images\/components\/contactme-button\/callbutton_24px.png\" alt=\"Chat to my Skype\" src=\"data:image\/svg+xml;base64,PHN2ZyB3aWR0aD0iMSIgaGVpZ2h0PSIxIiB4bWxucz0iaHR0cDovL3d3dy53My5vcmcvMjAwMC9zdmciPjwvc3ZnPg==\" class=\"lazyload\" \/><\/a>\u00a0(Ms Ph\u01b0\u1ee3ng)<\/em><\/p>\r\n<!-- Shortcode [scontacta03] does not match the conditions -->\n","protected":false},"featured_media":515,"comment_status":"open","ping_status":"closed","template":"","meta":[],"product_brand":[],"product_cat":[18,16],"product_tag":[688,689],"class_list":{"0":"post-514","1":"product","2":"type-product","3":"status-publish","4":"has-post-thumbnail","6":"product_cat-poultry","7":"product_cat-livestock","8":"product_tag-thuoc-thu-y","9":"product_tag-thuoc-tiem","11":"first","12":"instock","13":"featured","14":"shipping-taxable","15":"product-type-simple"},"_links":{"self":[{"href":"https:\/\/apanano.vn\/vi\/wp-json\/wp\/v2\/product\/514","targetHints":{"allow":["GET"]}}],"collection":[{"href":"https:\/\/apanano.vn\/vi\/wp-json\/wp\/v2\/product"}],"about":[{"href":"https:\/\/apanano.vn\/vi\/wp-json\/wp\/v2\/types\/product"}],"replies":[{"embeddable":true,"href":"https:\/\/apanano.vn\/vi\/wp-json\/wp\/v2\/comments?post=514"}],"wp:featuredmedia":[{"embeddable":true,"href":"https:\/\/apanano.vn\/vi\/wp-json\/wp\/v2\/media\/515"}],"wp:attachment":[{"href":"https:\/\/apanano.vn\/vi\/wp-json\/wp\/v2\/media?parent=514"}],"wp:term":[{"taxonomy":"product_brand","embeddable":true,"href":"https:\/\/apanano.vn\/vi\/wp-json\/wp\/v2\/product_brand?post=514"},{"taxonomy":"product_cat","embeddable":true,"href":"https:\/\/apanano.vn\/vi\/wp-json\/wp\/v2\/product_cat?post=514"},{"taxonomy":"product_tag","embeddable":true,"href":"https:\/\/apanano.vn\/vi\/wp-json\/wp\/v2\/product_tag?post=514"}],"curies":[{"name":"wp","href":"https:\/\/api.w.org\/{rel}","templated":true}]}}