{"id":500,"date":"2016-07-25T10:19:31","date_gmt":"2016-07-25T03:19:31","guid":{"rendered":"http:\/\/apanano.com\/w\/?post_type=product&#038;p=500"},"modified":"2023-02-24T18:26:35","modified_gmt":"2023-02-24T11:26:35","slug":"apa-toltra-2-5-s","status":"publish","type":"product","link":"https:\/\/apanano.vn\/vi\/product\/apa-toltra-2-5-s\/","title":{"rendered":"APA TOLTRA 2.5 S"},"content":{"rendered":"<p>H\u1ed7n d\u1ecbch u\u1ed1ng.<\/p>\n<p><strong>TH\u00c0NH PH\u1ea6N<\/strong><br \/>\nToltrazuril.<\/p>\n<p><strong>C\u00d4NG D\u1ee4NG<\/strong><br \/>\n&#8211; Di\u1ec7t c\u1ea7u tr\u00f9ng \u1edf m\u1ecdi giai \u0111o\u1ea1n ph\u00e1t tri\u1ec3n trong t\u1ebf b\u00e0o, giai \u0111o\u1ea1n sinh s\u1ea3n v\u00f4 t\u00ednh c\u0169ng nh\u01b0 h\u1eefu t\u00ednh.<br \/>\n&#8211; Ph\u00f2ng tr\u1ecb b\u1ec7nh c\u1ea7u tr\u00f9ng tr\u00ean gia c\u1ea7m do nhi\u1ec5m b\u1edfi c\u00e1c lo\u00e0i Eimeria nh\u01b0:<br \/>\n+ G\u00e0, v\u1ecbt: E. tenella, E. acervulina, E. brunetti, E. maxima, E. mitis, E. necatrix.<br \/>\n+ G\u00e0 t\u00e2y: E. adenoides, E.meleagrimitis.<br \/>\n+ Ng\u1ed7ng: E. anseris, E. truncata.<\/p>\n<p><strong>C\u1ea2NH B\u00c1O V\u00c0 TH\u1eacN TR\u1eccNG<\/strong><br \/>\n&#8211; Kh\u00f4ng k\u00edch th\u00edch h\u00ecnh th\u00e0nh mi\u1ec5n d\u1ecbch \u0111\u1ed1i v\u1edbi c\u1ea7u tr\u00f9ng.<br \/>\n&#8211; D\u00f9ng l\u00e2u d\u00e0i c\u00f3 th\u1ec3 g\u00e2y ra hi\u1ec7n t\u01b0\u1ee3ng kh\u00e1ng thu\u1ed1c.<\/p>\n<p><strong>TH\u1edcI GIAN NG\u01afNG S\u1eec D\u1ee4NG THU\u1ed0C<\/strong><br \/>\nKhai th\u00e1c th\u1ecbt: 14 ng\u00e0y.<\/p>\n<p><strong>C\u00c1CH D\u00d9NG &amp; LI\u1ec0U L\u01af\u1ee2NG<\/strong><br \/>\nPha v\u00e0o n\u01b0\u1edbc u\u1ed1ng: 1 ml\/3,5 kg th\u1ec3 tr\u1ecdng\/ng\u00e0y hay 1 ml\/1 l\u00edt n\u01b0\u1edbc\/ng\u00e0y, cho u\u1ed1ng li\u00ean t\u1ee5c 2 &#8211; 3 ng\u00e0y.<\/p>\n<p><strong>B\u1ea2O QU\u1ea2N<\/strong><br \/>\nN\u01a1i kh\u00f4 r\u00e1o, tho\u00e1ng m\u00e1t, tr\u00e1nh \u00e1nh s\u00e1ng tr\u1ef1c ti\u1ebfp.<\/p>\n<h3 style=\"text-align: center;\"><span style=\"color: #ff0000;\">CH\u1ec8 D\u00d9NG TRONG TH\u00da Y<\/span><\/h3>\r\n<blockquote>\r\n<p style=\"text-align: center;\"><em>\u201cS\u1ea3n ph\u1ea9m kh\u00f4ng ch\u1ee9a c\u00e1c ch\u1ea5t c\u1ea5m s\u1eed d\u1ee5ng trong s\u1ea3n xu\u1ea5t, kinh doanh th\u00fa y theo c\u00e1c quy \u0111\u1ecbnh hi\u1ec7n h\u00e0nh c\u1ee7a <strong>B\u1ed9 N\u00f4ng nghi\u1ec7p v\u00e0 Ph\u00e1t tri\u1ec3n n\u00f4ng th\u00f4n<\/strong>\u201d<\/em><\/p>\r\n<\/blockquote>\r\n<p><!-- Shortcode [sty2] does not match the conditions --><\/p>\r\n<p style=\"text-align: center;\">S\u1ea3n ph\u1ea9m <a href=\"\">Thu\u1ed1c Th\u00fa Y <\/a> gi\u00e1 b\u00e1n, th\u00e0nh ph\u1ea7n ch\u00ednh, c\u00f4ng d\u1ee5ng \u0111i\u1ec1u tr\u1ecb, h\u01b0\u1edbng d\u1eabn s\u1eed d\u1ee5ng!<\/p>\n","protected":false},"excerpt":{"rendered":"<h3><span style=\"color: #ff0000;\">\u0110\u1eb6C TR\u1eca C\u1ea6U TR\u00d9NG \u1ede GIA C\u1ea6M<\/span><\/h3>\n<p><strong>C\u00d4NG D\u1ee4NG<\/strong><br \/>\n&#8211; Di\u1ec7t c\u1ea7u tr\u00f9ng \u1edf m\u1ecdi giai \u0111o\u1ea1n ph\u00e1t tri\u1ec3n trong t\u1ebf b\u00e0o, giai \u0111o\u1ea1n sinh s\u1ea3n v\u00f4 t\u00ednh c\u0169ng nh\u01b0 h\u1eefu t\u00ednh.<br \/>\n&#8211; Ph\u00f2ng tr\u1ecb b\u1ec7nh c\u1ea7u tr\u00f9ng tr\u00ean gia c\u1ea7m do nhi\u1ec5m b\u1edfi c\u00e1c lo\u00e0i Eimeria nh\u01b0:<br \/>\n+ G\u00e0, v\u1ecbt: E. tenella, E. acervulina, E. brunetti, E. maxima, E. mitis, E. necatrix.<br \/>\n+ G\u00e0 t\u00e2y: E. adenoides, E.meleagrimitis.<br \/>\n+ Ng\u1ed7ng: E. anseris, E. truncata.<\/p>\n<hr \/>\r\n<p style=\"padding-left: 30px;\"><span style=\"color: #006633;\"><strong>C\u00f4ng ty TNHH C\u00f4ng ngh\u1ec7 Nano H\u1ee3p nh\u1ea5t APA<\/strong><\/span><br \/><em>[icon color=\"#000000\" icon=\"icon-location\" size=\"14px\"] <strong>Nh\u00e0 m\u00e1y:<\/strong> L\u00f4 C2-4, \u0110\u01b0\u1eddng VL3, Khu C\u00f4ng Nghi\u1ec7p V\u0129nh L\u1ed9c 2, \u1ea4p Voi L\u00e1, X\u00e3 Long Hi\u1ec7p, Huy\u1ec7n B\u1ebfn L\u1ee9c, T\u1ec9nh Long An<\/em><br \/><em>[icon color=\"#000000\" icon=\"icon-office\" size=\"14px\"] <strong>V\u0103n ph\u00f2ng \u0111\u1ea1i di\u1ec7n:<\/strong> 87 \u0110\u00e0o Duy Anh, Ph\u01b0\u1eddng 9, Qu\u1eadn Ph\u00fa Nhu\u1eadn, TP.HCM<\/em><br \/><em>[icon color=\"#000000\" icon=\"icon-phone\" size=\"14px\"] <strong>\u0110i\u1ec7n tho\u1ea1i:<\/strong>\u00a0<strong><span style=\"color: #ff0000;\">(028) 6292 1224<\/span><\/strong><\/em><br \/><em>[icon color=\"#000000\" icon=\"icon-mail2\" size=\"14px\"] <strong>Email:<\/strong> support@apanano.com<\/em><br \/><em>[icon color=\"#000000\" icon=\"icon-bubbles2\" size=\"14px\"] <strong>Skype:<\/strong> <a href=\"skype:phuonghuynh.bt?chat\"><img decoding=\"async\" data-src=\"https:\/\/secure.skypeassets.com\/apollo\/2.0.786\/images\/components\/contactme-button\/chatbutton_24px.png\" alt=\"Chat to my Skype\" src=\"data:image\/svg+xml;base64,PHN2ZyB3aWR0aD0iMSIgaGVpZ2h0PSIxIiB4bWxucz0iaHR0cDovL3d3dy53My5vcmcvMjAwMC9zdmciPjwvc3ZnPg==\" class=\"lazyload\" \/><\/a> <a href=\"skype:phuonghuynh.bt?call\"><img decoding=\"async\" data-src=\"https:\/\/secure.skypeassets.com\/apollo\/2.0.786\/images\/components\/contactme-button\/callbutton_24px.png\" alt=\"Chat to my Skype\" src=\"data:image\/svg+xml;base64,PHN2ZyB3aWR0aD0iMSIgaGVpZ2h0PSIxIiB4bWxucz0iaHR0cDovL3d3dy53My5vcmcvMjAwMC9zdmciPjwvc3ZnPg==\" class=\"lazyload\" \/><\/a>\u00a0(Ms Ph\u01b0\u1ee3ng)<\/em><\/p>\r\n<!-- Shortcode [scontacta03] does not match the conditions -->\n","protected":false},"featured_media":501,"comment_status":"open","ping_status":"closed","template":"","meta":[],"product_brand":[],"product_cat":[18],"product_tag":[688],"class_list":{"0":"post-500","1":"product","2":"type-product","3":"status-publish","4":"has-post-thumbnail","6":"product_cat-poultry","7":"product_tag-thuoc-thu-y","9":"first","10":"instock","11":"featured","12":"shipping-taxable","13":"product-type-simple"},"_links":{"self":[{"href":"https:\/\/apanano.vn\/vi\/wp-json\/wp\/v2\/product\/500","targetHints":{"allow":["GET"]}}],"collection":[{"href":"https:\/\/apanano.vn\/vi\/wp-json\/wp\/v2\/product"}],"about":[{"href":"https:\/\/apanano.vn\/vi\/wp-json\/wp\/v2\/types\/product"}],"replies":[{"embeddable":true,"href":"https:\/\/apanano.vn\/vi\/wp-json\/wp\/v2\/comments?post=500"}],"wp:featuredmedia":[{"embeddable":true,"href":"https:\/\/apanano.vn\/vi\/wp-json\/wp\/v2\/media\/501"}],"wp:attachment":[{"href":"https:\/\/apanano.vn\/vi\/wp-json\/wp\/v2\/media?parent=500"}],"wp:term":[{"taxonomy":"product_brand","embeddable":true,"href":"https:\/\/apanano.vn\/vi\/wp-json\/wp\/v2\/product_brand?post=500"},{"taxonomy":"product_cat","embeddable":true,"href":"https:\/\/apanano.vn\/vi\/wp-json\/wp\/v2\/product_cat?post=500"},{"taxonomy":"product_tag","embeddable":true,"href":"https:\/\/apanano.vn\/vi\/wp-json\/wp\/v2\/product_tag?post=500"}],"curies":[{"name":"wp","href":"https:\/\/api.w.org\/{rel}","templated":true}]}}