{"id":498,"date":"2016-07-25T09:21:53","date_gmt":"2016-07-25T02:21:53","guid":{"rendered":"http:\/\/apanano.com\/w\/?post_type=product&#038;p=498"},"modified":"2023-02-24T18:26:36","modified_gmt":"2023-02-24T11:26:36","slug":"apa-terra-eggs-p","status":"publish","type":"product","link":"https:\/\/apanano.vn\/vi\/product\/apa-terra-eggs-p\/","title":{"rendered":"APA TERRA EGGS P"},"content":{"rendered":"<p>Thu\u1ed1c b\u1ed9t u\u1ed1ng ho\u1eb7c tr\u1ed9n th\u1ee9c \u0103n.<\/p>\n<p><strong>TH\u00c0NH PH\u1ea6N<\/strong><br \/>\nOxytetracycline HCl, Vitamin A, Vitamin D3, Vitamin E, Vitamin K3, Vitamin B2, Vitamin B5, <a href=\"https:\/\/thaivietjs.com\/san-pham\/vitamin-b12\/\" target=\"_blank\" rel=\"noopener noreferrer\">Vitamin B12<\/a>, Vitamin PP.<\/p>\n<p><strong>C\u00d4NG D\u1ee4NG<\/strong><br \/>\n&#8211; <a href=\"https:\/\/apanano.com\/technical-support\/nhung-ly-do-pho-bien-khien-ga-ngung-de-trung\/\" target=\"_blank\" rel=\"noopener noreferrer\">T\u0103ng n\u0103ng su\u1ea5t cho gia c\u1ea7m \u0111\u1ebb tr\u1ee9ng<\/a>.<br \/>\n&#8211; K\u00e9o d\u00e0i th\u1eddi gian \u0111\u1ebb tr\u1ee9ng.<br \/>\n&#8211; T\u0103ng t\u1ef7 l\u00ea tr\u1ee9ng c\u00f3 ph\u00f4i v\u00e0 t\u1ef7 l\u1ec7 \u1ea5p n\u1edf cao.<br \/>\n&#8211; Ch\u1ed1ng stress, gi\u1ea3m ti\u00eau t\u1ed1n th\u1ee9c \u0103n.<br \/>\n&#8211; Ph\u00f2ng c\u00e1c b\u1ec7nh do vi khu\u1ea9n m\u1eabn c\u1ea3m v\u1edbi Oxytetracycline g\u00e2y ra \u1edf gia c\u1ea7m.<\/p>\n<p><strong>C\u00c1CH D\u00d9NG &amp; LI\u1ec0U L\u01af\u1ee2NG<\/strong><br \/>\n&#8211; H\u00f2a tan 5 g thu\u1ed1c trong 8 l\u00edt n\u01b0\u1edbc u\u1ed1ng li\u00ean t\u1ee5c trong giai \u0111o\u1ea1n \u0111\u1ea7u v\u00e0 cu\u1ed1i c\u1ee7a th\u1eddi k\u1ef3 \u0111\u1ebb tr\u1ee9ng, giai \u0111o\u1ea1n c\u00f3 nguy c\u01a1 m\u1eafc b\u1ec7nh ho\u1eb7c b\u1ecb stress g\u00e2y gi\u1ea3m s\u1ea3n l\u01b0\u1ee3ng tr\u1ee9ng.<br \/>\n&#8211; D\u00f9ng trong tr\u01b0\u1eddng h\u1ee3p s\u1ea3n l\u01b0\u1ee3ng tr\u1ee9ng gi\u1ea3m \u0111\u1ed9t ng\u1ed9t do \u0103n u\u1ed1ng k\u00e9m: 5 g cho 4 l\u00edt n\u01b0\u1edbc u\u1ed1ng.<\/p>\n<p><strong>CH\u1ed0NG CH\u1ec8 \u0110\u1ecaNH<\/strong><br \/>\nKh\u00f4ng d\u00f9ng qu\u00e1 li\u1ec1u quy \u0111\u1ecbnh.<\/p>\n<p><strong>TH\u1edcI GIAN NG\u01afNG S\u1eec D\u1ee4NG THU\u1ed0C<\/strong><br \/>\nKh\u00f4ng c\u00f3.<\/p>\n<p><strong>B\u1ea2O QU\u1ea2N<\/strong><br \/>\nN\u01a1i kh\u00f4 r\u00e1o, tho\u00e1ng m\u00e1t, tr\u00e1nh \u00e1nh s\u00e1ng tr\u1ef1c ti\u1ebfp.<\/p>\n<h3 style=\"text-align: center;\"><span style=\"color: #ff0000;\">CH\u1ec8 D\u00d9NG TRONG TH\u00da Y<\/span><\/h3>\r\n<blockquote>\r\n<p style=\"text-align: center;\"><em>\u201cS\u1ea3n ph\u1ea9m kh\u00f4ng ch\u1ee9a c\u00e1c ch\u1ea5t c\u1ea5m s\u1eed d\u1ee5ng trong s\u1ea3n xu\u1ea5t, kinh doanh th\u00fa y theo c\u00e1c quy \u0111\u1ecbnh hi\u1ec7n h\u00e0nh c\u1ee7a <strong>B\u1ed9 N\u00f4ng nghi\u1ec7p v\u00e0 Ph\u00e1t tri\u1ec3n n\u00f4ng th\u00f4n<\/strong>\u201d<\/em><\/p>\r\n<\/blockquote>\r\n<p><!-- Shortcode [sty2] does not match the conditions --><\/p>\r\n<p style=\"text-align: center;\">S\u1ea3n ph\u1ea9m <a href=\"\">Thu\u1ed1c Th\u00fa Y <\/a> gi\u00e1 b\u00e1n, th\u00e0nh ph\u1ea7n ch\u00ednh, c\u00f4ng d\u1ee5ng \u0111i\u1ec1u tr\u1ecb, h\u01b0\u1edbng d\u1eabn s\u1eed d\u1ee5ng!<\/p>\n","protected":false},"excerpt":{"rendered":"<h3><span style=\"color: #ff0000;\">T\u0102NG S\u1ea2N L\u01af\u1ee2NG V\u00c0 CH\u1ea4T L\u01af\u1ee2NG TR\u1ee8NG<\/span><\/h3>\n<p><strong>C\u00d4NG D\u1ee4NG<\/strong><br \/>\n&#8211; T\u0103ng n\u0103ng su\u1ea5t cho gia c\u1ea7m \u0111\u1ebb tr\u1ee9ng.<br \/>\n&#8211; K\u00e9o d\u00e0i th\u1eddi gian \u0111\u1ebb tr\u1ee9ng.<br \/>\n&#8211; T\u0103ng t\u1ef7 l\u00ea tr\u1ee9ng c\u00f3 ph\u00f4i v\u00e0 t\u1ef7 l\u1ec7 \u1ea5p n\u1edf cao.<br \/>\n&#8211; Ch\u1ed1ng stress, gi\u1ea3m ti\u00eau t\u1ed1n th\u1ee9c \u0103n.<br \/>\n&#8211; Ph\u00f2ng c\u00e1c b\u1ec7nh do vi khu\u1ea9n m\u1eabn c\u1ea3m v\u1edbi Oxytetracycline g\u00e2y ra \u1edf gia c\u1ea7m.<\/p>\n<hr \/>\r\n<p style=\"padding-left: 30px;\"><span style=\"color: #006633;\"><strong>C\u00f4ng ty TNHH C\u00f4ng ngh\u1ec7 Nano H\u1ee3p nh\u1ea5t APA<\/strong><\/span><br \/><em>[icon color=\"#000000\" icon=\"icon-location\" size=\"14px\"] <strong>Nh\u00e0 m\u00e1y:<\/strong> L\u00f4 C2-4, \u0110\u01b0\u1eddng VL3, Khu C\u00f4ng Nghi\u1ec7p V\u0129nh L\u1ed9c 2, \u1ea4p Voi L\u00e1, X\u00e3 Long Hi\u1ec7p, Huy\u1ec7n B\u1ebfn L\u1ee9c, T\u1ec9nh Long An<\/em><br \/><em>[icon color=\"#000000\" icon=\"icon-office\" size=\"14px\"] <strong>V\u0103n ph\u00f2ng \u0111\u1ea1i di\u1ec7n:<\/strong> 87 \u0110\u00e0o Duy Anh, Ph\u01b0\u1eddng 9, Qu\u1eadn Ph\u00fa Nhu\u1eadn, TP.HCM<\/em><br \/><em>[icon color=\"#000000\" icon=\"icon-phone\" size=\"14px\"] <strong>\u0110i\u1ec7n tho\u1ea1i:<\/strong>\u00a0<strong><span style=\"color: #ff0000;\">(028) 6292 1224<\/span><\/strong><\/em><br \/><em>[icon color=\"#000000\" icon=\"icon-mail2\" size=\"14px\"] <strong>Email:<\/strong> support@apanano.com<\/em><br \/><em>[icon color=\"#000000\" icon=\"icon-bubbles2\" size=\"14px\"] <strong>Skype:<\/strong> <a href=\"skype:phuonghuynh.bt?chat\"><img decoding=\"async\" data-src=\"https:\/\/secure.skypeassets.com\/apollo\/2.0.786\/images\/components\/contactme-button\/chatbutton_24px.png\" alt=\"Chat to my Skype\" src=\"data:image\/svg+xml;base64,PHN2ZyB3aWR0aD0iMSIgaGVpZ2h0PSIxIiB4bWxucz0iaHR0cDovL3d3dy53My5vcmcvMjAwMC9zdmciPjwvc3ZnPg==\" class=\"lazyload\" \/><\/a> <a href=\"skype:phuonghuynh.bt?call\"><img decoding=\"async\" data-src=\"https:\/\/secure.skypeassets.com\/apollo\/2.0.786\/images\/components\/contactme-button\/callbutton_24px.png\" alt=\"Chat to my Skype\" src=\"data:image\/svg+xml;base64,PHN2ZyB3aWR0aD0iMSIgaGVpZ2h0PSIxIiB4bWxucz0iaHR0cDovL3d3dy53My5vcmcvMjAwMC9zdmciPjwvc3ZnPg==\" class=\"lazyload\" \/><\/a>\u00a0(Ms Ph\u01b0\u1ee3ng)<\/em><\/p>\r\n<!-- Shortcode [scontacta03] does not match the conditions -->\n","protected":false},"featured_media":499,"comment_status":"open","ping_status":"closed","template":"","meta":[],"product_brand":[],"product_cat":[18],"product_tag":[688],"class_list":{"0":"post-498","1":"product","2":"type-product","3":"status-publish","4":"has-post-thumbnail","6":"product_cat-poultry","7":"product_tag-thuoc-thu-y","9":"first","10":"instock","11":"featured","12":"shipping-taxable","13":"product-type-simple"},"_links":{"self":[{"href":"https:\/\/apanano.vn\/vi\/wp-json\/wp\/v2\/product\/498","targetHints":{"allow":["GET"]}}],"collection":[{"href":"https:\/\/apanano.vn\/vi\/wp-json\/wp\/v2\/product"}],"about":[{"href":"https:\/\/apanano.vn\/vi\/wp-json\/wp\/v2\/types\/product"}],"replies":[{"embeddable":true,"href":"https:\/\/apanano.vn\/vi\/wp-json\/wp\/v2\/comments?post=498"}],"wp:featuredmedia":[{"embeddable":true,"href":"https:\/\/apanano.vn\/vi\/wp-json\/wp\/v2\/media\/499"}],"wp:attachment":[{"href":"https:\/\/apanano.vn\/vi\/wp-json\/wp\/v2\/media?parent=498"}],"wp:term":[{"taxonomy":"product_brand","embeddable":true,"href":"https:\/\/apanano.vn\/vi\/wp-json\/wp\/v2\/product_brand?post=498"},{"taxonomy":"product_cat","embeddable":true,"href":"https:\/\/apanano.vn\/vi\/wp-json\/wp\/v2\/product_cat?post=498"},{"taxonomy":"product_tag","embeddable":true,"href":"https:\/\/apanano.vn\/vi\/wp-json\/wp\/v2\/product_tag?post=498"}],"curies":[{"name":"wp","href":"https:\/\/api.w.org\/{rel}","templated":true}]}}