{"id":488,"date":"2016-07-24T22:01:01","date_gmt":"2016-07-24T15:01:01","guid":{"rendered":"http:\/\/apanano.com\/w\/?post_type=product&#038;p=488"},"modified":"2023-02-24T18:26:38","modified_gmt":"2023-02-24T11:26:38","slug":"apa-perin-50-l","status":"publish","type":"product","link":"https:\/\/apanano.vn\/vi\/product\/apa-perin-50-l\/","title":{"rendered":"APA PERIN 50 L"},"content":{"rendered":"<p>Dung d\u1ecbch d\u00f9ng ngo\u00e0i.<\/p>\n<p><strong>TH\u00c0NH PH\u1ea6N<\/strong><br \/>\nPermethrin.<\/p>\n<p><strong>C\u00d4NG D\u1ee4NG<\/strong><br \/>\n&#8211; Tr\u1ecb c\u00e1c lo\u1ea1i k\u00fd sinh tr\u00f9ng ngo\u00e0i da nh\u01b0: ve, m\u1ea1t, b\u1ecd ch\u00e9t, r\u1eadn, gh\u1ebb tr\u00ean tr\u00e2u, b\u00f2.<br \/>\n&#8211; Di\u1ec7t c\u00e1c lo\u1ea1i c\u00f4n tr\u00f9ng nh\u01b0 mu\u1ed7i, d\u0129n, ki\u1ebfn, gi\u00e1n trong m\u00f4i tr\u01b0\u1eddng nu\u00f4i.<\/p>\n<p><strong>CH\u1ed0NG CH\u1ec8 \u0110\u1ecaNH<\/strong><br \/>\n&#8211; Kh\u00f4ng d\u00f9ng cho ng\u1ef1a.<br \/>\n&#8211; Kh\u00f4ng d\u00f9ng cho th\u00fa m\u1eabn c\u1ea3m v\u1edbi Permethrin.<\/p>\n<p><strong>B\u1ea2O QU\u1ea2N<\/strong><br \/>\nN\u01a1i kh\u00f4 r\u00e1o, tho\u00e1ng m\u00e1t, tr\u00e1nh \u00e1nh s\u00e1ng tr\u1ef1c ti\u1ebfp.<\/p>\n<p><strong>C\u00c1CH D\u00d9NG &amp; LI\u1ec0U L\u01af\u1ee2NG<\/strong><br \/>\n&#8211; V\u1edbi th\u00fa l\u1edbn (tr\u00e2u, b\u00f2): T\u00f9y theo th\u1ec3 t\u00edch ao ho\u1eb7c h\u1ed1 ng\u00e2m: Pha 20 ml\/10 l\u00edt n\u01b0\u1edbc trong h\u1ed1 t\u1eafm. Sau \u0111\u00f3 ng\u00e2m v\u1eadt nu\u00f4i trong \u0111\u00f3 t\u1eeb 1 &#8211; 2 gi\u1edd.<br \/>\n&#8211; V\u1edbi th\u00fa nu\u00f4i chu\u1ed3ng (heo, g\u00e0): Pha li\u1ec1u 20 ml\/10 l\u00edt n\u01b0\u1edbc x\u1ecbt tr\u00ean m\u00ecnh th\u00fa nu\u00f4i v\u00e0 x\u1ecbt m\u00f4i tr\u01b0\u1eddng xung quanh.<br \/>\nDi\u1ec7t c\u00f4n tr\u00f9ng: Pha li\u1ec1u 50 ml\/10 l\u00edt n\u01b0\u1edbc x\u1ecbt tr\u00ean t\u01b0\u1eddng. C\u00f3 t\u00e1c d\u1ee5ng xua c\u00f4n tr\u00f9ng trong 2 &#8211; 3 tu\u1ea7n.<\/p>\n<h3 style=\"text-align: center;\"><span style=\"color: #ff0000;\">CH\u1ec8 D\u00d9NG TRONG TH\u00da Y<\/span><\/h3>\r\n<blockquote>\r\n<p style=\"text-align: center;\"><em>\u201cS\u1ea3n ph\u1ea9m kh\u00f4ng ch\u1ee9a c\u00e1c ch\u1ea5t c\u1ea5m s\u1eed d\u1ee5ng trong s\u1ea3n xu\u1ea5t, kinh doanh th\u00fa y theo c\u00e1c quy \u0111\u1ecbnh hi\u1ec7n h\u00e0nh c\u1ee7a <strong>B\u1ed9 N\u00f4ng nghi\u1ec7p v\u00e0 Ph\u00e1t tri\u1ec3n n\u00f4ng th\u00f4n<\/strong>\u201d<\/em><\/p>\r\n<\/blockquote>\r\n<p><!-- Shortcode [sty2] does not match the conditions --><\/p>\r\n<p style=\"text-align: center;\">S\u1ea3n ph\u1ea9m <a href=\"\">Thu\u1ed1c Th\u00fa Y <\/a> gi\u00e1 b\u00e1n, th\u00e0nh ph\u1ea7n ch\u00ednh, c\u00f4ng d\u1ee5ng \u0111i\u1ec1u tr\u1ecb, h\u01b0\u1edbng d\u1eabn s\u1eed d\u1ee5ng!<\/p>\n","protected":false},"excerpt":{"rendered":"<h3><span style=\"color: #ff0000;\">THU\u1ed0C PHUN TR\u1eea MU\u1ed6I V\u00c0 K\u00dd SINH TR\u00d9NG NGO\u00c0I DA<\/span><\/h3>\n<p><strong>C\u00d4NG D\u1ee4NG<\/strong><br \/>\n&#8211; Tr\u1ecb c\u00e1c lo\u1ea1i k\u00fd sinh tr\u00f9ng ngo\u00e0i da nh\u01b0: ve, m\u1ea1t, b\u1ecd ch\u00e9t, r\u1eadn, gh\u1ebb tr\u00ean tr\u00e2u, b\u00f2.<br \/>\n&#8211; Di\u1ec7t c\u00e1c lo\u1ea1i c\u00f4n tr\u00f9ng nh\u01b0 mu\u1ed7i, d\u0129n, ki\u1ebfn, gi\u00e1n trong m\u00f4i tr\u01b0\u1eddng nu\u00f4i.<\/p>\n<hr \/>\r\n<p style=\"padding-left: 30px;\"><span style=\"color: #006633;\"><strong>C\u00f4ng ty TNHH C\u00f4ng ngh\u1ec7 Nano H\u1ee3p nh\u1ea5t APA<\/strong><\/span><br \/><em>[icon color=\"#000000\" icon=\"icon-location\" size=\"14px\"] <strong>Nh\u00e0 m\u00e1y:<\/strong> L\u00f4 C2-4, \u0110\u01b0\u1eddng VL3, Khu C\u00f4ng Nghi\u1ec7p V\u0129nh L\u1ed9c 2, \u1ea4p Voi L\u00e1, X\u00e3 Long Hi\u1ec7p, Huy\u1ec7n B\u1ebfn L\u1ee9c, T\u1ec9nh Long An<\/em><br \/><em>[icon color=\"#000000\" icon=\"icon-office\" size=\"14px\"] <strong>V\u0103n ph\u00f2ng \u0111\u1ea1i di\u1ec7n:<\/strong> 87 \u0110\u00e0o Duy Anh, Ph\u01b0\u1eddng 9, Qu\u1eadn Ph\u00fa Nhu\u1eadn, TP.HCM<\/em><br \/><em>[icon color=\"#000000\" icon=\"icon-phone\" size=\"14px\"] <strong>\u0110i\u1ec7n tho\u1ea1i:<\/strong>\u00a0<strong><span style=\"color: #ff0000;\">(028) 6292 1224<\/span><\/strong><\/em><br \/><em>[icon color=\"#000000\" icon=\"icon-mail2\" size=\"14px\"] <strong>Email:<\/strong> support@apanano.com<\/em><br \/><em>[icon color=\"#000000\" icon=\"icon-bubbles2\" size=\"14px\"] <strong>Skype:<\/strong> <a href=\"skype:phuonghuynh.bt?chat\"><img decoding=\"async\" data-src=\"https:\/\/secure.skypeassets.com\/apollo\/2.0.786\/images\/components\/contactme-button\/chatbutton_24px.png\" alt=\"Chat to my Skype\" src=\"data:image\/svg+xml;base64,PHN2ZyB3aWR0aD0iMSIgaGVpZ2h0PSIxIiB4bWxucz0iaHR0cDovL3d3dy53My5vcmcvMjAwMC9zdmciPjwvc3ZnPg==\" class=\"lazyload\" \/><\/a> <a href=\"skype:phuonghuynh.bt?call\"><img decoding=\"async\" data-src=\"https:\/\/secure.skypeassets.com\/apollo\/2.0.786\/images\/components\/contactme-button\/callbutton_24px.png\" alt=\"Chat to my Skype\" src=\"data:image\/svg+xml;base64,PHN2ZyB3aWR0aD0iMSIgaGVpZ2h0PSIxIiB4bWxucz0iaHR0cDovL3d3dy53My5vcmcvMjAwMC9zdmciPjwvc3ZnPg==\" class=\"lazyload\" \/><\/a>\u00a0(Ms Ph\u01b0\u1ee3ng)<\/em><\/p>\r\n<!-- Shortcode [scontacta03] does not match the conditions -->\n","protected":false},"featured_media":489,"comment_status":"open","ping_status":"closed","template":"","meta":[],"product_brand":[],"product_cat":[18,16],"product_tag":[688],"class_list":{"0":"post-488","1":"product","2":"type-product","3":"status-publish","4":"has-post-thumbnail","6":"product_cat-poultry","7":"product_cat-livestock","8":"product_tag-thuoc-thu-y","10":"first","11":"instock","12":"featured","13":"shipping-taxable","14":"product-type-simple"},"_links":{"self":[{"href":"https:\/\/apanano.vn\/vi\/wp-json\/wp\/v2\/product\/488","targetHints":{"allow":["GET"]}}],"collection":[{"href":"https:\/\/apanano.vn\/vi\/wp-json\/wp\/v2\/product"}],"about":[{"href":"https:\/\/apanano.vn\/vi\/wp-json\/wp\/v2\/types\/product"}],"replies":[{"embeddable":true,"href":"https:\/\/apanano.vn\/vi\/wp-json\/wp\/v2\/comments?post=488"}],"wp:featuredmedia":[{"embeddable":true,"href":"https:\/\/apanano.vn\/vi\/wp-json\/wp\/v2\/media\/489"}],"wp:attachment":[{"href":"https:\/\/apanano.vn\/vi\/wp-json\/wp\/v2\/media?parent=488"}],"wp:term":[{"taxonomy":"product_brand","embeddable":true,"href":"https:\/\/apanano.vn\/vi\/wp-json\/wp\/v2\/product_brand?post=488"},{"taxonomy":"product_cat","embeddable":true,"href":"https:\/\/apanano.vn\/vi\/wp-json\/wp\/v2\/product_cat?post=488"},{"taxonomy":"product_tag","embeddable":true,"href":"https:\/\/apanano.vn\/vi\/wp-json\/wp\/v2\/product_tag?post=488"}],"curies":[{"name":"wp","href":"https:\/\/api.w.org\/{rel}","templated":true}]}}