{"id":484,"date":"2016-07-24T21:45:57","date_gmt":"2016-07-24T14:45:57","guid":{"rendered":"http:\/\/apanano.com\/w\/?post_type=product&#038;p=484"},"modified":"2023-02-24T18:26:39","modified_gmt":"2023-02-24T11:26:39","slug":"apa-oxytetra-10-p","status":"publish","type":"product","link":"https:\/\/apanano.vn\/vi\/product\/apa-oxytetra-10-p\/","title":{"rendered":"APA OXYTETRA 10 P"},"content":{"rendered":"<p>Thu\u1ed1c b\u1ed9t u\u1ed1ng ho\u1eb7c tr\u1ed9n th\u1ee9c \u0103n.<\/p>\n<p><strong>TH\u00c0NH PH\u1ea6N<\/strong><br \/>\nOxytetracycline HCl.<\/p>\n<p><strong>C\u00d4NG D\u1ee4NG<\/strong><br \/>\n&#8211; G\u00e0, v\u1ecbt: \u0110i\u1ec1u tr\u1ecb <a href=\"https:\/\/apanano.com\/technical-support\/chronic-respiratory-disease-crd-in-poultry\/\" target=\"_blank\" rel=\"noopener noreferrer\">b\u1ec7nh CRD<\/a> v\u00e0 vi\u00eam t\u00fai kh\u00ed do Mycoplasma, <a href=\"https:\/\/apanano.com\/technical-support\/phong-va-tri-benh-do-vi-khuan-e-coli-tren-gia-cam\/\" target=\"_blank\" rel=\"noopener noreferrer\">b\u1ec7nh do E. coli<\/a> v\u00e0 b\u1ec7nh t\u1ee5 huy\u1ebft tr\u00f9ng.<br \/>\n&#8211; Heo: \u0110i\u1ec1u tr\u1ecb <a href=\"https:\/\/apanano.com\/technical-support\/benh-viem-da-day-ruot-o-heo-tge\/\" target=\"_blank\" rel=\"noopener noreferrer\">b\u1ec7nh vi\u00eam ru\u1ed9t<\/a> do E. coli v\u00e0 Salmonella, b\u1ec7nh xo\u1eafn khu\u1ea9n do Leptospira g\u00e2y n\u00ean. H\u1ed7 tr\u1ee3 \u0111i\u1ec1u tr\u1ecb <a href=\"https:\/\/apanano.com\/technical-support\/benh-tu-huyet-trung-tren-heo\/\" target=\"_blank\" rel=\"noopener noreferrer\">T\u1ee5 Huy\u1ebft Tr\u00f9ng<\/a>.<br \/>\n&#8211; C\u1eebu, b\u00ea, b\u00f2 th\u1ecbt, b\u00f2 s\u1eefa \u0111ang trong giai \u0111o\u1ea1n kh\u00f4ng cho s\u1eefa: \u0110i\u1ec1u tr\u1ecb b\u1ec7nh vi\u00eam ru\u1ed9t do E. coli v\u00e0 vi\u00eam \u0111\u01b0\u1eddng h\u00f4 h\u1ea5p.<\/p>\n<p><strong>CH\u1ed0NG CH\u1ec8 \u0110\u1ecaNH<\/strong><br \/>\n&#8211; Kh\u00f4ng d\u00f9ng qu\u00e1 li\u1ec1u quy \u0111\u1ecbnh.<br \/>\n&#8211; Kh\u00f4ng s\u1eed d\u1ee5ng thu\u1ed1c cho th\u00fa mang thai, cho con b\u00fa.<\/p>\n<p><strong>TH\u1edcI GIAN NG\u01afNG S\u1eec D\u1ee4NG THU\u1ed0C<\/strong><br \/>\nKhai th\u00e1c th\u1ecbt: 04 tu\u1ea7n.<\/p>\n<p><strong>C\u00c1CH D\u00d9NG &amp; LI\u1ec0U L\u01af\u1ee2NG<\/strong><br \/>\nPha n\u01b0\u1edbc u\u1ed1ng ho\u1eb7c tr\u1ed9n th\u1ee9c \u0103n.<br \/>\n&#8211; Heo, tr\u00e2u b\u00f2, b\u00ea, ngh\u00e9: 1 g\/1 l\u00edt n\u01b0\u1edbc u\u1ed1ng.<br \/>\n&#8211; Heo th\u1ecbt, d\u00ea, c\u1eebu: 1,5 g\/1 l\u00edt n\u01b0\u1edbc u\u1ed1ng.<br \/>\n&#8211; Gia c\u1ea7m: 1,5 &#8211; 2 g\/ 1 l\u00edt n\u01b0\u1edbc u\u1ed1ng t\u00f9y theo m\u1ee9c \u0111\u1ed9 b\u1ec7nh l\u00fd.<br \/>\nU\u1ed1ng trong 3 &#8211; 5 ng\u00e0y. B\u1ec7nh n\u1eb7ng c\u00f3 th\u1ec3 k\u00e9o d\u00e0i th\u00eam 2 ng\u00e0y n\u1eefa.<\/p>\n<p><strong>B\u1ea2O QU\u1ea2N<\/strong><br \/>\nN\u01a1i kh\u00f4 r\u00e1o, tho\u00e1ng m\u00e1t, tr\u00e1nh \u00e1nh s\u00e1ng tr\u1ef1c ti\u1ebfp.<\/p>\n<h3 style=\"text-align: center;\"><span style=\"color: #ff0000;\">CH\u1ec8 D\u00d9NG TRONG TH\u00da Y<\/span><\/h3>\r\n<blockquote>\r\n<p style=\"text-align: center;\"><em>\u201cS\u1ea3n ph\u1ea9m kh\u00f4ng ch\u1ee9a c\u00e1c ch\u1ea5t c\u1ea5m s\u1eed d\u1ee5ng trong s\u1ea3n xu\u1ea5t, kinh doanh th\u00fa y theo c\u00e1c quy \u0111\u1ecbnh hi\u1ec7n h\u00e0nh c\u1ee7a <strong>B\u1ed9 N\u00f4ng nghi\u1ec7p v\u00e0 Ph\u00e1t tri\u1ec3n n\u00f4ng th\u00f4n<\/strong>\u201d<\/em><\/p>\r\n<\/blockquote>\r\n<p><!-- Shortcode [sty2] does not match the conditions --><\/p>\r\n<p style=\"text-align: center;\">S\u1ea3n ph\u1ea9m <a href=\"\">Thu\u1ed1c Th\u00fa Y <\/a> gi\u00e1 b\u00e1n, th\u00e0nh ph\u1ea7n ch\u00ednh, c\u00f4ng d\u1ee5ng \u0111i\u1ec1u tr\u1ecb, h\u01b0\u1edbng d\u1eabn s\u1eed d\u1ee5ng!<\/p>\n","protected":false},"excerpt":{"rendered":"<h3><span style=\"color: #ff0000;\">KH\u00c1NG SINH PH\u1ed4 R\u1ed8NG TR\u1eca NHI\u1ec4M TR\u00d9NG<\/span><\/h3>\n<p><strong>C\u00d4NG D\u1ee4NG<\/strong><br \/>\n&#8211; G\u00e0, v\u1ecbt: \u0110i\u1ec1u tr\u1ecb b\u1ec7nh CRD v\u00e0 vi\u00eam t\u00fai kh\u00ed do Mycoplasma, b\u1ec7nh do E. coli v\u00e0 b\u1ec7nh t\u1ee5 huy\u1ebft tr\u00f9ng.<br \/>\n&#8211; Heo: \u0110i\u1ec1u tr\u1ecb b\u1ec7nh vi\u00eam ru\u1ed9t do E. coli v\u00e0 Salmonella, b\u1ec7nh xo\u1eafn khu\u1ea9n do Leptospira g\u00e2y n\u00ean.<br \/>\n&#8211; C\u1eebu, b\u00ea, b\u00f2 th\u1ecbt, b\u00f2 s\u1eefa \u0111ang trong giai \u0111o\u1ea1n kh\u00f4ng cho s\u1eefa: \u0110i\u1ec1u tr\u1ecb b\u1ec7nh vi\u00eam ru\u1ed9t do E. coli v\u00e0 vi\u00eam \u0111\u01b0\u1eddng h\u00f4 h\u1ea5p.<\/p>\n<hr \/>\r\n<p style=\"padding-left: 30px;\"><span style=\"color: #006633;\"><strong>C\u00f4ng ty TNHH C\u00f4ng ngh\u1ec7 Nano H\u1ee3p nh\u1ea5t APA<\/strong><\/span><br \/><em>[icon color=\"#000000\" icon=\"icon-location\" size=\"14px\"] <strong>Nh\u00e0 m\u00e1y:<\/strong> L\u00f4 C2-4, \u0110\u01b0\u1eddng VL3, Khu C\u00f4ng Nghi\u1ec7p V\u0129nh L\u1ed9c 2, \u1ea4p Voi L\u00e1, X\u00e3 Long Hi\u1ec7p, Huy\u1ec7n B\u1ebfn L\u1ee9c, T\u1ec9nh Long An<\/em><br \/><em>[icon color=\"#000000\" icon=\"icon-office\" size=\"14px\"] <strong>V\u0103n ph\u00f2ng \u0111\u1ea1i di\u1ec7n:<\/strong> 87 \u0110\u00e0o Duy Anh, Ph\u01b0\u1eddng 9, Qu\u1eadn Ph\u00fa Nhu\u1eadn, TP.HCM<\/em><br \/><em>[icon color=\"#000000\" icon=\"icon-phone\" size=\"14px\"] <strong>\u0110i\u1ec7n tho\u1ea1i:<\/strong>\u00a0<strong><span style=\"color: #ff0000;\">(028) 6292 1224<\/span><\/strong><\/em><br \/><em>[icon color=\"#000000\" icon=\"icon-mail2\" size=\"14px\"] <strong>Email:<\/strong> support@apanano.com<\/em><br \/><em>[icon color=\"#000000\" icon=\"icon-bubbles2\" size=\"14px\"] <strong>Skype:<\/strong> <a href=\"skype:phuonghuynh.bt?chat\"><img decoding=\"async\" data-src=\"https:\/\/secure.skypeassets.com\/apollo\/2.0.786\/images\/components\/contactme-button\/chatbutton_24px.png\" alt=\"Chat to my Skype\" src=\"data:image\/svg+xml;base64,PHN2ZyB3aWR0aD0iMSIgaGVpZ2h0PSIxIiB4bWxucz0iaHR0cDovL3d3dy53My5vcmcvMjAwMC9zdmciPjwvc3ZnPg==\" class=\"lazyload\" \/><\/a> <a href=\"skype:phuonghuynh.bt?call\"><img decoding=\"async\" data-src=\"https:\/\/secure.skypeassets.com\/apollo\/2.0.786\/images\/components\/contactme-button\/callbutton_24px.png\" alt=\"Chat to my Skype\" src=\"data:image\/svg+xml;base64,PHN2ZyB3aWR0aD0iMSIgaGVpZ2h0PSIxIiB4bWxucz0iaHR0cDovL3d3dy53My5vcmcvMjAwMC9zdmciPjwvc3ZnPg==\" class=\"lazyload\" \/><\/a>\u00a0(Ms Ph\u01b0\u1ee3ng)<\/em><\/p>\r\n<!-- Shortcode [scontacta03] does not match the conditions -->\n","protected":false},"featured_media":485,"comment_status":"open","ping_status":"closed","template":"","meta":[],"product_brand":[],"product_cat":[18,16],"product_tag":[516,688],"class_list":{"0":"post-484","1":"product","2":"type-product","3":"status-publish","4":"has-post-thumbnail","6":"product_cat-poultry","7":"product_cat-livestock","8":"product_tag-benh-crd","9":"product_tag-thuoc-thu-y","11":"first","12":"instock","13":"shipping-taxable","14":"product-type-simple"},"_links":{"self":[{"href":"https:\/\/apanano.vn\/vi\/wp-json\/wp\/v2\/product\/484","targetHints":{"allow":["GET"]}}],"collection":[{"href":"https:\/\/apanano.vn\/vi\/wp-json\/wp\/v2\/product"}],"about":[{"href":"https:\/\/apanano.vn\/vi\/wp-json\/wp\/v2\/types\/product"}],"replies":[{"embeddable":true,"href":"https:\/\/apanano.vn\/vi\/wp-json\/wp\/v2\/comments?post=484"}],"wp:featuredmedia":[{"embeddable":true,"href":"https:\/\/apanano.vn\/vi\/wp-json\/wp\/v2\/media\/485"}],"wp:attachment":[{"href":"https:\/\/apanano.vn\/vi\/wp-json\/wp\/v2\/media?parent=484"}],"wp:term":[{"taxonomy":"product_brand","embeddable":true,"href":"https:\/\/apanano.vn\/vi\/wp-json\/wp\/v2\/product_brand?post=484"},{"taxonomy":"product_cat","embeddable":true,"href":"https:\/\/apanano.vn\/vi\/wp-json\/wp\/v2\/product_cat?post=484"},{"taxonomy":"product_tag","embeddable":true,"href":"https:\/\/apanano.vn\/vi\/wp-json\/wp\/v2\/product_tag?post=484"}],"curies":[{"name":"wp","href":"https:\/\/api.w.org\/{rel}","templated":true}]}}