{"id":857,"date":"2016-07-30T11:32:20","date_gmt":"2016-07-30T04:32:20","guid":{"rendered":"http:\/\/apanano.com\/?post_type=product&#038;p=857"},"modified":"2023-02-24T18:25:47","modified_gmt":"2023-02-24T11:25:47","slug":"apa-tylo-10-p","status":"publish","type":"product","link":"https:\/\/apanano.vn\/en\/product\/apa-tylo-10-p\/","title":{"rendered":"APA TYLO 10 P"},"content":{"rendered":"<p><strong>COMPOSITION:<\/strong><br \/>\nTylosin tartrate.<\/p>\n<p><strong>INDICATION:<\/strong><br \/>\nPrevention and treatment of infections caused by microorganism sensitive to Tylosin: <a href=\"https:\/\/apanano.com\/technical-support\/chronic-respiratory-disease-crd-in-poultry\/\">CRD<\/a>, CCRD, pneumonia by Mycoplasma, dysentery, sinusitis, duck wheezing.<\/p>\n<p><strong>ADMINISTRATION AND DOSAGE:<\/strong><br \/>\n&#8211; Livestock: 1 kg APA TYLO 10 P\/500 &#8211; 1,000 liters of drinking water or 1 kg APA TYLO 10 P\/ton of feed.<br \/>\n&#8211; Poultry: 1 g APA TYLO 10 P\/ liter of drinking water or 1.1 kg APA TYLO 10 P\/ ton of feed.<br \/>\nUse in 3-5 days.<br \/>\nPrevention: Half dose.<\/p>\n<p><strong>WITHDRAWAL PERIOD:<\/strong> 14 days.<\/p>\n<p><strong>STORAGE:<\/strong><br \/>\n&#8211; Store in dry, cool place, avoid direct sunlight.<br \/>\n&#8211; Store in room temperature, under 30oC.<\/p>\n<p><strong>Registration No.: APA-66<\/strong><\/p>\n<!-- Shortcode [ftty] does not match the conditions -->\n","protected":false},"excerpt":{"rendered":"<h3><span style=\"color: #ff0000;\">PREVENTION AND TREATMENT OF CRD, CCRD, AND PNEUMONIA BY MYCOPLASMA<\/span><\/h3>\n<p><strong>INDICATION:<\/strong><br \/>\nPrevention and treatment of infections caused by microorganism sensitive to Tylosin: CRD, CCRD, pneumonia by Mycoplasma, dysentery, sinusitis, duck wheezing.<\/p>\n<hr \/>\r\n<p style=\"padding-left: 30px;\"><span style=\"color: #006633;\"><strong>C\u00f4ng ty TNHH C\u00f4ng ngh\u1ec7 Nano H\u1ee3p nh\u1ea5t APA<\/strong><\/span><br \/><em>[icon color=\"#000000\" icon=\"icon-location\" size=\"14px\"] <strong>Nh\u00e0 m\u00e1y:<\/strong> L\u00f4 C2-4, \u0110\u01b0\u1eddng VL3, Khu C\u00f4ng Nghi\u1ec7p V\u0129nh L\u1ed9c 2, \u1ea4p Voi L\u00e1, X\u00e3 Long Hi\u1ec7p, Huy\u1ec7n B\u1ebfn L\u1ee9c, T\u1ec9nh Long An<\/em><br \/><em>[icon color=\"#000000\" icon=\"icon-office\" size=\"14px\"] <strong>V\u0103n ph\u00f2ng \u0111\u1ea1i di\u1ec7n:<\/strong> 87 \u0110\u00e0o Duy Anh, Ph\u01b0\u1eddng 9, Qu\u1eadn Ph\u00fa Nhu\u1eadn, TP.HCM<\/em><br \/><em>[icon color=\"#000000\" icon=\"icon-phone\" size=\"14px\"] <strong>\u0110i\u1ec7n tho\u1ea1i:<\/strong>\u00a0<strong><span style=\"color: #ff0000;\">(028) 6292 1224<\/span><\/strong><\/em><br \/><em>[icon color=\"#000000\" icon=\"icon-mail2\" size=\"14px\"] <strong>Email:<\/strong> support@apanano.com<\/em><br \/><em>[icon color=\"#000000\" icon=\"icon-bubbles2\" size=\"14px\"] <strong>Skype:<\/strong> <a href=\"skype:phuonghuynh.bt?chat\"><img decoding=\"async\" data-src=\"https:\/\/secure.skypeassets.com\/apollo\/2.0.786\/images\/components\/contactme-button\/chatbutton_24px.png\" alt=\"Chat to my Skype\" src=\"data:image\/svg+xml;base64,PHN2ZyB3aWR0aD0iMSIgaGVpZ2h0PSIxIiB4bWxucz0iaHR0cDovL3d3dy53My5vcmcvMjAwMC9zdmciPjwvc3ZnPg==\" class=\"lazyload\" \/><\/a> <a href=\"skype:phuonghuynh.bt?call\"><img decoding=\"async\" data-src=\"https:\/\/secure.skypeassets.com\/apollo\/2.0.786\/images\/components\/contactme-button\/callbutton_24px.png\" alt=\"Chat to my Skype\" src=\"data:image\/svg+xml;base64,PHN2ZyB3aWR0aD0iMSIgaGVpZ2h0PSIxIiB4bWxucz0iaHR0cDovL3d3dy53My5vcmcvMjAwMC9zdmciPjwvc3ZnPg==\" class=\"lazyload\" \/><\/a>\u00a0(Ms Ph\u01b0\u1ee3ng)<\/em><\/p>\r\n<!-- Shortcode [scontacta03] does not match the conditions -->\n","protected":false},"featured_media":858,"comment_status":"open","ping_status":"closed","template":"","meta":[],"product_brand":[],"product_cat":[18,16],"product_tag":[516,562,564,63,563,561],"class_list":{"0":"post-857","1":"product","2":"type-product","3":"status-publish","4":"has-post-thumbnail","6":"product_cat-poultry","7":"product_cat-livestock","8":"product_tag-benh-crd","9":"product_tag-nguyen-lieu-thuc-an-premix","10":"product_tag-phu-gia-thuc-an-chan-nuoi","11":"product_tag-feed-mill","12":"product_tag-premix-tron-thuc-an","13":"product_tag-thuoc-khang-sinh-dang-bot","15":"first","16":"instock","17":"shipping-taxable","18":"product-type-simple"},"_links":{"self":[{"href":"https:\/\/apanano.vn\/en\/wp-json\/wp\/v2\/product\/857","targetHints":{"allow":["GET"]}}],"collection":[{"href":"https:\/\/apanano.vn\/en\/wp-json\/wp\/v2\/product"}],"about":[{"href":"https:\/\/apanano.vn\/en\/wp-json\/wp\/v2\/types\/product"}],"replies":[{"embeddable":true,"href":"https:\/\/apanano.vn\/en\/wp-json\/wp\/v2\/comments?post=857"}],"wp:featuredmedia":[{"embeddable":true,"href":"https:\/\/apanano.vn\/en\/wp-json\/wp\/v2\/media\/858"}],"wp:attachment":[{"href":"https:\/\/apanano.vn\/en\/wp-json\/wp\/v2\/media?parent=857"}],"wp:term":[{"taxonomy":"product_brand","embeddable":true,"href":"https:\/\/apanano.vn\/en\/wp-json\/wp\/v2\/product_brand?post=857"},{"taxonomy":"product_cat","embeddable":true,"href":"https:\/\/apanano.vn\/en\/wp-json\/wp\/v2\/product_cat?post=857"},{"taxonomy":"product_tag","embeddable":true,"href":"https:\/\/apanano.vn\/en\/wp-json\/wp\/v2\/product_tag?post=857"}],"curies":[{"name":"wp","href":"https:\/\/api.w.org\/{rel}","templated":true}]}}