{"id":506,"date":"2016-07-25T10:40:27","date_gmt":"2016-07-25T03:40:27","guid":{"rendered":"http:\/\/apanano.com\/w\/?post_type=product&#038;p=506"},"modified":"2023-02-24T18:26:32","modified_gmt":"2023-02-24T11:26:32","slug":"apa-tylosin-20-i","status":"publish","type":"product","link":"https:\/\/apanano.vn\/en\/product\/apa-tylosin-20-i\/","title":{"rendered":"APA TYLOSIN 20 I"},"content":{"rendered":"<p>Injection.<\/p>\n<p><strong>COMPOSITION<\/strong><br \/>\nTylosin tartrate.<\/p>\n<p><strong>INDICATION<\/strong><br \/>\n&#8211; Swine: treatment of Porcine Enzootic Pneumonia, arthritis caused by Mycoplasma, swine pneumonia caused by Pasteurella spp, erysipelas and acute swine dysentery.<br \/>\n&#8211; Beef cattle and nonlactating dairy cattle: treatment of bovine respiratory complex, pasteurellosis, foot rot, calf diphtheria and metritis.<\/p>\n<p><strong>CONTRAINDICATION<\/strong><br \/>\n&#8211; Hypersensitive to Tylosin.<br \/>\n&#8211; Serious renal dysfunction.<br \/>\n&#8211; Use for other animals (not indicated in direction).<\/p>\n<p><strong>WITHDRAWAL PERIOD<\/strong><br \/>\nMeat: 03 days.<\/p>\n<p><strong>DOSAGE &amp; ADMINISTRATION<\/strong><br \/>\nIntra-muscular injection only:<br \/>\n&#8211; Swine: Inject 1 ml\/20 kg of body weight, twice daily. Treatment should be continued 24 hours after symptoms of the disease have stopped, not exceed 3 days. Do not inject more than 5 ml per site.<br \/>\n&#8211; Beef cattle and nonlactating dairy cattle: Inject 1 ml\/10 kg of body weight. Treatment should be continued 24 hours after symptoms of the disease have stopped, not exceed 3 days. Do not inject more than 5 ml per site.<\/p>\n<p><strong>STORAGE<\/strong><br \/>\n&#8211; Store in dry, cool place, avoid direct sunlight.<br \/>\n&#8211; Store in room temperature, under 30oC.<\/p>\n<!-- Shortcode [ftty] does not match the conditions -->\n","protected":false},"excerpt":{"rendered":"<h3><span style=\"color: #ff0000;\">SPECIAL TREATMENT OF ENZOOTIC PNEUMONIA CAUSED BY MYCOPLASMA HYOPNEUMONIAE<\/span><\/h3>\n<p><strong>INDICATION<\/strong><br \/>\n&#8211; Swine: treatment of Porcine Enzootic Pneumonia, arthritis caused by Mycoplasma, swine pneumonia caused by Pasteurella spp, erysipelas and acute swine dysentery.<br \/>\n&#8211; Beef cattle and nonlactating dairy cattle: treatment of bovine respiratory complex, pasteurellosis, foot rot, calf diphtheria and metritis.<\/p>\n<hr \/>\r\n<p style=\"padding-left: 30px;\"><span style=\"color: #006633;\"><strong>C\u00f4ng ty TNHH C\u00f4ng ngh\u1ec7 Nano H\u1ee3p nh\u1ea5t APA<\/strong><\/span><br \/><em>[icon color=\"#000000\" icon=\"icon-location\" size=\"14px\"] <strong>Nh\u00e0 m\u00e1y:<\/strong> L\u00f4 C2-4, \u0110\u01b0\u1eddng VL3, Khu C\u00f4ng Nghi\u1ec7p V\u0129nh L\u1ed9c 2, \u1ea4p Voi L\u00e1, X\u00e3 Long Hi\u1ec7p, Huy\u1ec7n B\u1ebfn L\u1ee9c, T\u1ec9nh Long An<\/em><br \/><em>[icon color=\"#000000\" icon=\"icon-office\" size=\"14px\"] <strong>V\u0103n ph\u00f2ng \u0111\u1ea1i di\u1ec7n:<\/strong> 87 \u0110\u00e0o Duy Anh, Ph\u01b0\u1eddng 9, Qu\u1eadn Ph\u00fa Nhu\u1eadn, TP.HCM<\/em><br \/><em>[icon color=\"#000000\" icon=\"icon-phone\" size=\"14px\"] <strong>\u0110i\u1ec7n tho\u1ea1i:<\/strong>\u00a0<strong><span style=\"color: #ff0000;\">(028) 6292 1224<\/span><\/strong><\/em><br \/><em>[icon color=\"#000000\" icon=\"icon-mail2\" size=\"14px\"] <strong>Email:<\/strong> support@apanano.com<\/em><br \/><em>[icon color=\"#000000\" icon=\"icon-bubbles2\" size=\"14px\"] <strong>Skype:<\/strong> <a href=\"skype:phuonghuynh.bt?chat\"><img decoding=\"async\" data-src=\"https:\/\/secure.skypeassets.com\/apollo\/2.0.786\/images\/components\/contactme-button\/chatbutton_24px.png\" alt=\"Chat to my Skype\" src=\"data:image\/svg+xml;base64,PHN2ZyB3aWR0aD0iMSIgaGVpZ2h0PSIxIiB4bWxucz0iaHR0cDovL3d3dy53My5vcmcvMjAwMC9zdmciPjwvc3ZnPg==\" class=\"lazyload\" \/><\/a> <a href=\"skype:phuonghuynh.bt?call\"><img decoding=\"async\" data-src=\"https:\/\/secure.skypeassets.com\/apollo\/2.0.786\/images\/components\/contactme-button\/callbutton_24px.png\" alt=\"Chat to my Skype\" src=\"data:image\/svg+xml;base64,PHN2ZyB3aWR0aD0iMSIgaGVpZ2h0PSIxIiB4bWxucz0iaHR0cDovL3d3dy53My5vcmcvMjAwMC9zdmciPjwvc3ZnPg==\" class=\"lazyload\" \/><\/a>\u00a0(Ms Ph\u01b0\u1ee3ng)<\/em><\/p>\r\n<!-- Shortcode [scontacta03] does not match the conditions -->\n","protected":false},"featured_media":507,"comment_status":"open","ping_status":"closed","template":"","meta":[],"product_brand":[],"product_cat":[16],"product_tag":[688,689],"class_list":{"0":"post-506","1":"product","2":"type-product","3":"status-publish","4":"has-post-thumbnail","6":"product_cat-livestock","7":"product_tag-thuoc-thu-y","8":"product_tag-thuoc-tiem","10":"first","11":"instock","12":"shipping-taxable","13":"product-type-simple"},"_links":{"self":[{"href":"https:\/\/apanano.vn\/en\/wp-json\/wp\/v2\/product\/506","targetHints":{"allow":["GET"]}}],"collection":[{"href":"https:\/\/apanano.vn\/en\/wp-json\/wp\/v2\/product"}],"about":[{"href":"https:\/\/apanano.vn\/en\/wp-json\/wp\/v2\/types\/product"}],"replies":[{"embeddable":true,"href":"https:\/\/apanano.vn\/en\/wp-json\/wp\/v2\/comments?post=506"}],"wp:featuredmedia":[{"embeddable":true,"href":"https:\/\/apanano.vn\/en\/wp-json\/wp\/v2\/media\/507"}],"wp:attachment":[{"href":"https:\/\/apanano.vn\/en\/wp-json\/wp\/v2\/media?parent=506"}],"wp:term":[{"taxonomy":"product_brand","embeddable":true,"href":"https:\/\/apanano.vn\/en\/wp-json\/wp\/v2\/product_brand?post=506"},{"taxonomy":"product_cat","embeddable":true,"href":"https:\/\/apanano.vn\/en\/wp-json\/wp\/v2\/product_cat?post=506"},{"taxonomy":"product_tag","embeddable":true,"href":"https:\/\/apanano.vn\/en\/wp-json\/wp\/v2\/product_tag?post=506"}],"curies":[{"name":"wp","href":"https:\/\/api.w.org\/{rel}","templated":true}]}}