{"id":502,"date":"2016-07-25T10:24:23","date_gmt":"2016-07-25T03:24:23","guid":{"rendered":"http:\/\/apanano.com\/w\/?post_type=product&#038;p=502"},"modified":"2023-02-24T18:26:33","modified_gmt":"2023-02-24T11:26:33","slug":"apa-toltra-5-s","status":"publish","type":"product","link":"https:\/\/apanano.vn\/en\/product\/apa-toltra-5-s\/","title":{"rendered":"APA TOLTRA 5 S"},"content":{"rendered":"<p>Oral suspension.<\/p>\n<p><strong>COMPOSITION<\/strong><br \/>\nToltrazuril, Excipients qs.<\/p>\n<p><strong>INDICATION<\/strong><br \/>\nTreatment of coccidiosis in calves, lambs, young goats.<\/p>\n<p><strong>DOSAGE &amp; ADMINISTRATION<\/strong><br \/>\n&#8211; Lambs, young goats: 0.4 ml \/ kg of body weight.<br \/>\n&#8211; Calves: 3 ml \/ 10 kg of body weight.<br \/>\n&#8211; Individual treatment with single dose.<br \/>\n&#8211; The oral suspension must be shaken before use.<\/p>\n<p><strong>CONTRAINDICATION<\/strong><br \/>\n&#8211; Do not use in case of known hypersensitivity to any ingredients of the product.<br \/>\n&#8211; Do not use in animals with impaired liver and\/or renal function.<br \/>\n&#8211; Do not use in lactating animals producing milk for human consumption.<\/p>\n<p><strong>WITHDRAWAL PERIOD<\/strong><br \/>\nMeat and offal:<br \/>\n&#8211; Cattle: 63 days.<br \/>\n&#8211; Sheep, goats: 42 days<\/p>\n<p><strong>STORAGE<\/strong><br \/>\n&#8211; Store in dry, cool place, avoid direct sunlight.<br \/>\n&#8211; Store in room temperature, under 30\u00b0C.<\/p>\n<!-- Shortcode [ftty] does not match the conditions -->\n","protected":false},"excerpt":{"rendered":"<h3><span style=\"color: #ff0000;\">SPECIAL TREATMENT OF COCCIDIOSIS IN YOUNG LIVESTOCK<\/span><\/h3>\n<p><strong>INDICATION<\/strong><br \/>\nTreatment of coccidiosis in calves, lambs, young goats.<\/p>\n<hr \/>\r\n<p style=\"padding-left: 30px;\"><span style=\"color: #006633;\"><strong>C\u00f4ng ty TNHH C\u00f4ng ngh\u1ec7 Nano H\u1ee3p nh\u1ea5t APA<\/strong><\/span><br \/><em>[icon color=\"#000000\" icon=\"icon-location\" size=\"14px\"] <strong>Nh\u00e0 m\u00e1y:<\/strong> L\u00f4 C2-4, \u0110\u01b0\u1eddng VL3, Khu C\u00f4ng Nghi\u1ec7p V\u0129nh L\u1ed9c 2, \u1ea4p Voi L\u00e1, X\u00e3 Long Hi\u1ec7p, Huy\u1ec7n B\u1ebfn L\u1ee9c, T\u1ec9nh Long An<\/em><br \/><em>[icon color=\"#000000\" icon=\"icon-office\" size=\"14px\"] <strong>V\u0103n ph\u00f2ng \u0111\u1ea1i di\u1ec7n:<\/strong> 87 \u0110\u00e0o Duy Anh, Ph\u01b0\u1eddng 9, Qu\u1eadn Ph\u00fa Nhu\u1eadn, TP.HCM<\/em><br \/><em>[icon color=\"#000000\" icon=\"icon-phone\" size=\"14px\"] <strong>\u0110i\u1ec7n tho\u1ea1i:<\/strong>\u00a0<strong><span style=\"color: #ff0000;\">(028) 6292 1224<\/span><\/strong><\/em><br \/><em>[icon color=\"#000000\" icon=\"icon-mail2\" size=\"14px\"] <strong>Email:<\/strong> support@apanano.com<\/em><br \/><em>[icon color=\"#000000\" icon=\"icon-bubbles2\" size=\"14px\"] <strong>Skype:<\/strong> <a href=\"skype:phuonghuynh.bt?chat\"><img decoding=\"async\" data-src=\"https:\/\/secure.skypeassets.com\/apollo\/2.0.786\/images\/components\/contactme-button\/chatbutton_24px.png\" alt=\"Chat to my Skype\" src=\"data:image\/svg+xml;base64,PHN2ZyB3aWR0aD0iMSIgaGVpZ2h0PSIxIiB4bWxucz0iaHR0cDovL3d3dy53My5vcmcvMjAwMC9zdmciPjwvc3ZnPg==\" class=\"lazyload\" \/><\/a> <a href=\"skype:phuonghuynh.bt?call\"><img decoding=\"async\" data-src=\"https:\/\/secure.skypeassets.com\/apollo\/2.0.786\/images\/components\/contactme-button\/callbutton_24px.png\" alt=\"Chat to my Skype\" src=\"data:image\/svg+xml;base64,PHN2ZyB3aWR0aD0iMSIgaGVpZ2h0PSIxIiB4bWxucz0iaHR0cDovL3d3dy53My5vcmcvMjAwMC9zdmciPjwvc3ZnPg==\" class=\"lazyload\" \/><\/a>\u00a0(Ms Ph\u01b0\u1ee3ng)<\/em><\/p>\r\n<!-- Shortcode [scontacta03] does not match the conditions -->\n","protected":false},"featured_media":503,"comment_status":"open","ping_status":"closed","template":"","meta":[],"product_brand":[],"product_cat":[16],"product_tag":[688],"class_list":{"0":"post-502","1":"product","2":"type-product","3":"status-publish","4":"has-post-thumbnail","6":"product_cat-livestock","7":"product_tag-thuoc-thu-y","9":"first","10":"instock","11":"featured","12":"shipping-taxable","13":"product-type-simple"},"_links":{"self":[{"href":"https:\/\/apanano.vn\/en\/wp-json\/wp\/v2\/product\/502","targetHints":{"allow":["GET"]}}],"collection":[{"href":"https:\/\/apanano.vn\/en\/wp-json\/wp\/v2\/product"}],"about":[{"href":"https:\/\/apanano.vn\/en\/wp-json\/wp\/v2\/types\/product"}],"replies":[{"embeddable":true,"href":"https:\/\/apanano.vn\/en\/wp-json\/wp\/v2\/comments?post=502"}],"wp:featuredmedia":[{"embeddable":true,"href":"https:\/\/apanano.vn\/en\/wp-json\/wp\/v2\/media\/503"}],"wp:attachment":[{"href":"https:\/\/apanano.vn\/en\/wp-json\/wp\/v2\/media?parent=502"}],"wp:term":[{"taxonomy":"product_brand","embeddable":true,"href":"https:\/\/apanano.vn\/en\/wp-json\/wp\/v2\/product_brand?post=502"},{"taxonomy":"product_cat","embeddable":true,"href":"https:\/\/apanano.vn\/en\/wp-json\/wp\/v2\/product_cat?post=502"},{"taxonomy":"product_tag","embeddable":true,"href":"https:\/\/apanano.vn\/en\/wp-json\/wp\/v2\/product_tag?post=502"}],"curies":[{"name":"wp","href":"https:\/\/api.w.org\/{rel}","templated":true}]}}