{"id":482,"date":"2016-07-24T21:44:43","date_gmt":"2016-07-24T14:44:43","guid":{"rendered":"http:\/\/apanano.com\/w\/?post_type=product&#038;p=482"},"modified":"2023-02-24T18:26:40","modified_gmt":"2023-02-24T11:26:40","slug":"apa-oxytetra-10-i","status":"publish","type":"product","link":"https:\/\/apanano.vn\/en\/product\/apa-oxytetra-10-i\/","title":{"rendered":"APA OXYTETRA 10 I"},"content":{"rendered":"<p>Injection.<\/p>\n<p><strong>COMPOSITION<\/strong><br \/>\nOxytetracycline HCl.<\/p>\n<p><strong>INDICATION<\/strong><br \/>\nTreatment of diseases caused by bacteria hypersensitive to Oxytetracycline such as:<br \/>\n&#8211; Pasteurellosis, pneumonia, sinusitis.<br \/>\n&#8211; Erysipelas, leptospirosis.<br \/>\n&#8211; Colibacillosis, <a href=\"https:\/\/apanano.com\/technical-support\/piglet-diarrheas-common-problem-explained\/\" target=\"_blank\" rel=\"noopener noreferrer\">diarrhea<\/a> from E. coli.<br \/>\nUrinary tract inflammation, metritis, mastitis, omphalitis.<\/p>\n<p><strong>CONTRAINDICATION<\/strong><br \/>\n&#8211; Do not use in the case of known hypersensitivity to group of Tetracycline.<br \/>\n&#8211; Do not use for animals of hepatorenal insufficiency.<\/p>\n<p><strong>DOSAGE &amp; ADMINISTRATION<\/strong><br \/>\n&#8211; Intra-muscular and subcutaneous injection:<br \/>\n+ Cattle, pigs (&gt; 40 kg), sheep, goats: 1 ml\/20 kg of body weight\/ day.<br \/>\n+ Pigs (\u2264 40 kg), dogs, cats: 1 ml\/10 kg of body weight\/day.<br \/>\n&#8211; Use continuously in 3 &#8211; 5 days until recovering.<br \/>\n&#8211; Do not inject into a vein over 10 ml to cattle, or over 5 ml to pigs.<\/p>\n<p><strong>WITHDRAWAL PERIOD<\/strong><br \/>\n&#8211; Meat: 14 days.<br \/>\n&#8211; Milk: 08 days.<\/p>\n<p><strong>STORAGE<\/strong><br \/>\nStore in dry, cool place, avoid direct sunlight.<\/p>\n<!-- Shortcode [ftty] does not match the conditions -->\n","protected":false},"excerpt":{"rendered":"<h3><span style=\"color: #ff0000;\">A BROAD SPECTRUM ANTIBIOTIC FOR INFECTION TREATMENT<\/span><\/h3>\n<p><strong>INDICATION<\/strong><br \/>\nTreatment of diseases caused by bacteria hypersensitive to Oxytetracycline such as:<br \/>\n&#8211; Pasteurellosis, pneumonia, sinusitis.<br \/>\n&#8211; Erysipelas, leptospirosis.<br \/>\n&#8211; Colibacillosis, diarrhea from E. coli.<br \/>\nUrinary tract inflammation, metritis, mastitis, omphalitis.<\/p>\n<hr \/>\r\n<p style=\"padding-left: 30px;\"><span style=\"color: #006633;\"><strong>C\u00f4ng ty TNHH C\u00f4ng ngh\u1ec7 Nano H\u1ee3p nh\u1ea5t APA<\/strong><\/span><br \/><em>[icon color=\"#000000\" icon=\"icon-location\" size=\"14px\"] <strong>Nh\u00e0 m\u00e1y:<\/strong> L\u00f4 C2-4, \u0110\u01b0\u1eddng VL3, Khu C\u00f4ng Nghi\u1ec7p V\u0129nh L\u1ed9c 2, \u1ea4p Voi L\u00e1, X\u00e3 Long Hi\u1ec7p, Huy\u1ec7n B\u1ebfn L\u1ee9c, T\u1ec9nh Long An<\/em><br \/><em>[icon color=\"#000000\" icon=\"icon-office\" size=\"14px\"] <strong>V\u0103n ph\u00f2ng \u0111\u1ea1i di\u1ec7n:<\/strong> 87 \u0110\u00e0o Duy Anh, Ph\u01b0\u1eddng 9, Qu\u1eadn Ph\u00fa Nhu\u1eadn, TP.HCM<\/em><br \/><em>[icon color=\"#000000\" icon=\"icon-phone\" size=\"14px\"] <strong>\u0110i\u1ec7n tho\u1ea1i:<\/strong>\u00a0<strong><span style=\"color: #ff0000;\">(028) 6292 1224<\/span><\/strong><\/em><br \/><em>[icon color=\"#000000\" icon=\"icon-mail2\" size=\"14px\"] <strong>Email:<\/strong> support@apanano.com<\/em><br \/><em>[icon color=\"#000000\" icon=\"icon-bubbles2\" size=\"14px\"] <strong>Skype:<\/strong> <a href=\"skype:phuonghuynh.bt?chat\"><img decoding=\"async\" data-src=\"https:\/\/secure.skypeassets.com\/apollo\/2.0.786\/images\/components\/contactme-button\/chatbutton_24px.png\" alt=\"Chat to my Skype\" src=\"data:image\/svg+xml;base64,PHN2ZyB3aWR0aD0iMSIgaGVpZ2h0PSIxIiB4bWxucz0iaHR0cDovL3d3dy53My5vcmcvMjAwMC9zdmciPjwvc3ZnPg==\" class=\"lazyload\" \/><\/a> <a href=\"skype:phuonghuynh.bt?call\"><img decoding=\"async\" data-src=\"https:\/\/secure.skypeassets.com\/apollo\/2.0.786\/images\/components\/contactme-button\/callbutton_24px.png\" alt=\"Chat to my Skype\" src=\"data:image\/svg+xml;base64,PHN2ZyB3aWR0aD0iMSIgaGVpZ2h0PSIxIiB4bWxucz0iaHR0cDovL3d3dy53My5vcmcvMjAwMC9zdmciPjwvc3ZnPg==\" class=\"lazyload\" \/><\/a>\u00a0(Ms Ph\u01b0\u1ee3ng)<\/em><\/p>\r\n<!-- Shortcode [scontacta03] does not match the conditions -->\n","protected":false},"featured_media":483,"comment_status":"open","ping_status":"closed","template":"","meta":[],"product_brand":[],"product_cat":[16,17],"product_tag":[688,689],"class_list":{"0":"post-482","1":"product","2":"type-product","3":"status-publish","4":"has-post-thumbnail","6":"product_cat-livestock","7":"product_cat-pet","8":"product_tag-thuoc-thu-y","9":"product_tag-thuoc-tiem","11":"first","12":"instock","13":"shipping-taxable","14":"product-type-simple"},"_links":{"self":[{"href":"https:\/\/apanano.vn\/en\/wp-json\/wp\/v2\/product\/482","targetHints":{"allow":["GET"]}}],"collection":[{"href":"https:\/\/apanano.vn\/en\/wp-json\/wp\/v2\/product"}],"about":[{"href":"https:\/\/apanano.vn\/en\/wp-json\/wp\/v2\/types\/product"}],"replies":[{"embeddable":true,"href":"https:\/\/apanano.vn\/en\/wp-json\/wp\/v2\/comments?post=482"}],"wp:featuredmedia":[{"embeddable":true,"href":"https:\/\/apanano.vn\/en\/wp-json\/wp\/v2\/media\/483"}],"wp:attachment":[{"href":"https:\/\/apanano.vn\/en\/wp-json\/wp\/v2\/media?parent=482"}],"wp:term":[{"taxonomy":"product_brand","embeddable":true,"href":"https:\/\/apanano.vn\/en\/wp-json\/wp\/v2\/product_brand?post=482"},{"taxonomy":"product_cat","embeddable":true,"href":"https:\/\/apanano.vn\/en\/wp-json\/wp\/v2\/product_cat?post=482"},{"taxonomy":"product_tag","embeddable":true,"href":"https:\/\/apanano.vn\/en\/wp-json\/wp\/v2\/product_tag?post=482"}],"curies":[{"name":"wp","href":"https:\/\/api.w.org\/{rel}","templated":true}]}}